{"id":30,"date":"2014-02-03T14:47:03","date_gmt":"2014-02-03T13:47:03","guid":{"rendered":"http:\/\/37.187.198.37\/artal\/?page_id=30"},"modified":"2019-04-18T09:30:26","modified_gmt":"2019-04-18T07:30:26","slug":"30-2","status":"publish","type":"page","link":"https:\/\/artal-group.com\/artal\/30-2\/","title":{"rendered":""},"content":{"rendered":"<div id=\"pl-30\" class=\"panel-layout\">\n<div id=\"pg-30-0\" class=\"panel-grid panel-has-style\">\n<div class=\"siteorigin-panels-stretch panel-row-style panel-row-style-for-30-0\" style=\"padding: 50px 0\">\n<div id=\"pgc-30-0-0\" class=\"panel-grid-cell\">\n<div id=\"panel-30-0-0-0\" class=\"so-panel widget widget_sow-layout-slider panel-first-child panel-last-child\">\n<div style=\"text-align: left\" class=\"panel-widget-style panel-widget-style-for-30-0-0-0\">[siteorigin_widget class=\u00a0\u00bbSiteOrigin_Widget_LayoutSlider_Widget\u00a0\u00bb][\/siteorigin_widget]<\/div>\n<\/div>\n<\/div>\n<\/div>\n<\/div>\n<div id=\"pg-30-1\" class=\"panel-grid panel-has-style\">\n<div class=\"siteorigin-panels-stretch panel-row-style panel-row-style-for-30-1\" style=\"padding: 30px 0\">\n<div id=\"pgc-30-1-0\" class=\"panel-grid-cell\">\n<div id=\"panel-30-1-0-0\" class=\"so-panel widget widget_sow-headline panel-first-child panel-last-child\">\n<div style=\"text-align: left\" class=\"panel-widget-style panel-widget-style-for-30-1-0-0\">[siteorigin_widget class=\u00a0\u00bbSiteOrigin_Widget_Headline_Widget\u00a0\u00bb][\/siteorigin_widget]<\/div>\n<\/div>\n<\/div>\n<\/div>\n<\/div>\n<div id=\"pg-30-2\" class=\"panel-grid panel-has-style\">\n<div class=\"siteorigin-panels-stretch panel-row-style panel-row-style-for-30-2\" style=\"padding: 30px 0\">\n<div id=\"pgc-30-2-0\" class=\"panel-grid-cell\">\n<div id=\"panel-30-2-0-0\" class=\"so-panel widget widget_sow-image panel-first-child\">\n<div style=\"text-align: left\" class=\"panel-widget-style panel-widget-style-for-30-2-0-0\">[siteorigin_widget class=\u00a0\u00bbSiteOrigin_Widget_Image_Widget\u00a0\u00bb][\/siteorigin_widget]<\/div>\n<\/div>\n<div id=\"panel-30-2-0-1\" class=\"so-panel widget widget_text panel-last-child\">\n<div style=\"text-align: center\" class=\"panel-widget-style panel-widget-style-for-30-2-0-1\">\n<div class=\"textwidget\">\n<p align=\"center|justify\">Infrastructures Spatiales<\/p>\n<\/div><\/div>\n<\/div>\n<\/div>\n<div id=\"pgc-30-2-1\" class=\"panel-grid-cell\">\n<div id=\"panel-30-2-1-0\" class=\"so-panel widget widget_sow-image panel-first-child\">\n<div style=\"text-align: left\" class=\"panel-widget-style panel-widget-style-for-30-2-1-0\">[siteorigin_widget class=\u00a0\u00bbSiteOrigin_Widget_Image_Widget\u00a0\u00bb][\/siteorigin_widget]<\/div>\n<\/div>\n<div id=\"panel-30-2-1-1\" class=\"so-panel widget widget_text panel-last-child\">\n<div style=\"text-align: center\" class=\"panel-widget-style panel-widget-style-for-30-2-1-1\">\n<div class=\"textwidget\">\n<p align=\"center|justify\">Applications Spatiales<\/p>\n<\/div><\/div>\n<\/div>\n<\/div>\n<div id=\"pgc-30-2-2\" class=\"panel-grid-cell\">\n<div id=\"panel-30-2-2-0\" class=\"so-panel widget widget_sow-image panel-first-child\">\n<div style=\"text-align: left\" class=\"panel-widget-style panel-widget-style-for-30-2-2-0\">[siteorigin_widget class=\u00a0\u00bbSiteOrigin_Widget_Image_Widget\u00a0\u00bb][\/siteorigin_widget]<\/div>\n<\/div>\n<div id=\"panel-30-2-2-1\" class=\"so-panel widget widget_text panel-last-child\">\n<div style=\"text-align: center\" class=\"panel-widget-style panel-widget-style-for-30-2-2-1\">\n<div class=\"textwidget\">\n<p align=\"center|justify\">Int\u00e9gration Virtuelle<\/p>\n<\/div><\/div>\n<\/div>\n<\/div>\n<div id=\"pgc-30-2-3\" class=\"panel-grid-cell\">\n<div id=\"panel-30-2-3-0\" class=\"so-panel widget widget_sow-image panel-first-child\">\n<div style=\"text-align: left\" class=\"panel-widget-style panel-widget-style-for-30-2-3-0\">[siteorigin_widget class=\u00a0\u00bbSiteOrigin_Widget_Image_Widget\u00a0\u00bb][\/siteorigin_widget]<\/div>\n<\/div>\n<div id=\"panel-30-2-3-1\" class=\"so-panel widget widget_text\">\n<div style=\"text-align: center\" class=\"panel-widget-style panel-widget-style-for-30-2-3-1\">\n<div class=\"textwidget\">\n<p align=\"center|justify\">Gestion du Trafic A\u00e9rien<\/p>\n<\/div><\/div>\n<\/div>\n<div id=\"panel-30-2-3-2\" class=\"so-panel widget widget_sow-button panel-last-child\">\n<div style=\"text-align: center\" class=\"panel-widget-style panel-widget-style-for-30-2-3-2\">[siteorigin_widget class=\u00a0\u00bbSiteOrigin_Widget_Button_Widget\u00a0\u00bb][\/siteorigin_widget]<\/div>\n<\/div>\n<\/div>\n<\/div>\n<\/div>\n<div id=\"pg-30-3\" class=\"panel-grid panel-has-style\">\n<div class=\"siteorigin-panels-stretch panel-row-style panel-row-style-for-30-3\" style=\"padding: 40px 0\">\n<div id=\"pgc-30-3-0\" class=\"panel-grid-cell\">\n<div id=\"panel-30-3-0-0\" class=\"so-panel widget widget_sow-headline panel-first-child panel-last-child\">\n<div style=\"text-align: left\" class=\"panel-widget-style panel-widget-style-for-30-3-0-0\">[siteorigin_widget class=\u00a0\u00bbSiteOrigin_Widget_Headline_Widget\u00a0\u00bb][\/siteorigin_widget]<\/div>\n<\/div>\n<\/div>\n<\/div>\n<\/div>\n<div id=\"pg-30-4\" class=\"panel-grid panel-has-style\">\n<div class=\"siteorigin-panels-stretch panel-row-style panel-row-style-for-30-4\" style=\"padding: 30px 0\">\n<div id=\"pgc-30-4-0\" class=\"panel-grid-cell\">\n<div id=\"panel-30-4-0-0\" class=\"so-panel widget widget_sow-icon panel-first-child\">\n<div style=\"text-align: left\" class=\"panel-widget-style panel-widget-style-for-30-4-0-0\">[siteorigin_widget class=\u00a0\u00bbSiteOrigin_Widget_Icon_Widget\u00a0\u00bb][\/siteorigin_widget]<\/div>\n<\/div>\n<div id=\"panel-30-4-0-1\" class=\"so-panel widget widget_text\">\n<div style=\"text-align: center\" class=\"panel-widget-style panel-widget-style-for-30-4-0-1\">\n<div class=\"textwidget\">\n<p align=\"center|justify\">Syst\u00e8mes Embarqu\u00e9s<\/p>\n<\/div><\/div>\n<\/div>\n<div id=\"panel-30-4-0-2\" class=\"so-panel widget widget_sow-icon\">\n<div style=\"text-align: left\" class=\"panel-widget-style panel-widget-style-for-30-4-0-2\">[siteorigin_widget class=\u00a0\u00bbSiteOrigin_Widget_Icon_Widget\u00a0\u00bb][\/siteorigin_widget]<\/div>\n<\/div>\n<div id=\"panel-30-4-0-3\" class=\"so-panel widget widget_text panel-last-child\">\n<div style=\"text-align: center\" class=\"panel-widget-style panel-widget-style-for-30-4-0-3\">\n<div class=\"textwidget\">\n<p align=\"center|justify\">M\u00e9thodes<\/p>\n<\/div><\/div>\n<\/div>\n<\/div>\n<div id=\"pgc-30-4-1\" class=\"panel-grid-cell\">\n<div id=\"panel-30-4-1-0\" class=\"so-panel widget widget_sow-icon panel-first-child\">\n<div style=\"text-align: left\" class=\"panel-widget-style panel-widget-style-for-30-4-1-0\">[siteorigin_widget class=\u00a0\u00bbSiteOrigin_Widget_Icon_Widget\u00a0\u00bb][\/siteorigin_widget]<\/div>\n<\/div>\n<div id=\"panel-30-4-1-1\" class=\"so-panel widget widget_text\">\n<div style=\"text-align: center\" class=\"panel-widget-style panel-widget-style-for-30-4-1-1\">\n<div class=\"textwidget\">\n<p align=\"center|justify\">Traitement de Donn\u00e9es<\/p>\n<\/div><\/div>\n<\/div>\n<div id=\"panel-30-4-1-2\" class=\"so-panel widget widget_sow-icon\">\n<div style=\"text-align: left\" class=\"panel-widget-style panel-widget-style-for-30-4-1-2\">[siteorigin_widget class=\u00a0\u00bbSiteOrigin_Widget_Icon_Widget\u00a0\u00bb][\/siteorigin_widget]<\/div>\n<\/div>\n<div id=\"panel-30-4-1-3\" class=\"so-panel widget widget_text panel-last-child\">\n<div style=\"text-align: center\" class=\"panel-widget-style panel-widget-style-for-30-4-1-3\">\n<div class=\"textwidget\">\n<p align=\"center|justify\">Model Based Systems Engineering<\/p>\n<\/div><\/div>\n<\/div>\n<\/div>\n<div id=\"pgc-30-4-2\" class=\"panel-grid-cell\">\n<div id=\"panel-30-4-2-0\" class=\"so-panel widget widget_sow-icon panel-first-child\">\n<div style=\"text-align: left\" class=\"panel-widget-style panel-widget-style-for-30-4-2-0\">[siteorigin_widget class=\u00a0\u00bbSiteOrigin_Widget_Icon_Widget\u00a0\u00bb][\/siteorigin_widget]<\/div>\n<\/div>\n<div id=\"panel-30-4-2-1\" class=\"so-panel widget widget_text\">\n<div style=\"text-align: center\" class=\"panel-widget-style panel-widget-style-for-30-4-2-1\">\n<div class=\"textwidget\">\n<p align=\"center|justify\">Mobilit\u00e9<\/p>\n<\/div><\/div>\n<\/div>\n<div id=\"panel-30-4-2-2\" class=\"so-panel widget widget_sow-icon\">\n<div style=\"text-align: left\" class=\"panel-widget-style panel-widget-style-for-30-4-2-2\">[siteorigin_widget class=\u00a0\u00bbSiteOrigin_Widget_Icon_Widget\u00a0\u00bb][\/siteorigin_widget]<\/div>\n<\/div>\n<div id=\"panel-30-4-2-3\" class=\"so-panel widget widget_text\">\n<div style=\"text-align: center\" class=\"panel-widget-style panel-widget-style-for-30-4-2-3\">\n<div class=\"textwidget\">\n<p align=\"center|justify\">Ing\u00e9nierie Logicielle<\/p>\n<\/div><\/div>\n<\/div>\n<div id=\"panel-30-4-2-4\" class=\"so-panel widget widget_sow-button panel-last-child\">\n<div style=\"text-align: center\" class=\"panel-widget-style panel-widget-style-for-30-4-2-4\">[siteorigin_widget class=\u00a0\u00bbSiteOrigin_Widget_Button_Widget\u00a0\u00bb][\/siteorigin_widget]<\/div>\n<\/div>\n<\/div>\n<\/div>\n<\/div>\n<div id=\"pg-30-5\" class=\"panel-grid panel-has-style\">\n<div class=\"siteorigin-panels-stretch panel-row-style panel-row-style-for-30-5\" style=\"padding: 40px 0\">\n<div id=\"pgc-30-5-0\" class=\"panel-grid-cell\">\n<div id=\"panel-30-5-0-0\" class=\"so-panel widget widget_sow-headline panel-first-child panel-last-child\">\n<div style=\"text-align: left\" class=\"panel-widget-style panel-widget-style-for-30-5-0-0\">[siteorigin_widget class=\u00a0\u00bbSiteOrigin_Widget_Headline_Widget\u00a0\u00bb][\/siteorigin_widget]<\/div>\n<\/div>\n<\/div>\n<\/div>\n<\/div>\n<div id=\"pg-30-6\" class=\"panel-grid panel-has-style\">\n<div class=\"siteorigin-panels-stretch panel-row-style panel-row-style-for-30-6\" style=\"padding: 30px 0\">\n<div id=\"pgc-30-6-0\" class=\"panel-grid-cell\">\n<div id=\"panel-30-6-0-0\" class=\"so-panel widget widget_sow-icon panel-first-child\">\n<div style=\"text-align: left\" class=\"panel-widget-style panel-widget-style-for-30-6-0-0\">[siteorigin_widget class=\u00a0\u00bbSiteOrigin_Widget_Icon_Widget\u00a0\u00bb][\/siteorigin_widget]<\/div>\n<\/div>\n<div id=\"panel-30-6-0-1\" class=\"so-panel widget widget_text\">\n<div style=\"text-align: center\" class=\"panel-widget-style panel-widget-style-for-30-6-0-1\">\n<div class=\"textwidget\">\n<p align=\"center|justify\">Produits et Solutions<\/p>\n<\/div><\/div>\n<\/div>\n<div id=\"panel-30-6-0-2\" class=\"so-panel widget widget_sow-icon\">\n<div style=\"text-align: left\" class=\"panel-widget-style panel-widget-style-for-30-6-0-2\">[siteorigin_widget class=\u00a0\u00bbSiteOrigin_Widget_Icon_Widget\u00a0\u00bb][\/siteorigin_widget]<\/div>\n<\/div>\n<div id=\"panel-30-6-0-3\" class=\"so-panel widget widget_text panel-last-child\">\n<div style=\"text-align: center\" class=\"panel-widget-style panel-widget-style-for-30-6-0-3\">\n<div class=\"textwidget\">\n<p align=\"center|justify\">D\u00e9veloppement et Int\u00e9gration de Syst\u00e8mes<\/p>\n<\/div><\/div>\n<\/div>\n<\/div>\n<div id=\"pgc-30-6-1\" class=\"panel-grid-cell\">\n<div id=\"panel-30-6-1-0\" class=\"so-panel widget widget_sow-icon panel-first-child\">\n<div style=\"text-align: left\" class=\"panel-widget-style panel-widget-style-for-30-6-1-0\">[siteorigin_widget class=\u00a0\u00bbSiteOrigin_Widget_Icon_Widget\u00a0\u00bb][\/siteorigin_widget]<\/div>\n<\/div>\n<div id=\"panel-30-6-1-1\" class=\"so-panel widget widget_text\">\n<div style=\"text-align: center\" class=\"panel-widget-style panel-widget-style-for-30-6-1-1\">\n<div class=\"textwidget\">\n<p align=\"center|justify\">Tierce Maintenance Applicative<\/p>\n<\/div><\/div>\n<\/div>\n<div id=\"panel-30-6-1-2\" class=\"so-panel widget widget_sow-icon\">\n<div style=\"text-align: left\" class=\"panel-widget-style panel-widget-style-for-30-6-1-2\">[siteorigin_widget class=\u00a0\u00bbSiteOrigin_Widget_Icon_Widget\u00a0\u00bb][\/siteorigin_widget]<\/div>\n<\/div>\n<div id=\"panel-30-6-1-3\" class=\"so-panel widget widget_text panel-last-child\">\n<div style=\"text-align: center\" class=\"panel-widget-style panel-widget-style-for-30-6-1-3\">\n<div class=\"textwidget\">\n<p align=\"center|justify\">\u00c9tude et Propotypes<\/p>\n<\/div><\/div>\n<\/div>\n<\/div>\n<div id=\"pgc-30-6-2\" class=\"panel-grid-cell\">\n<div id=\"panel-30-6-2-0\" class=\"so-panel widget widget_sow-icon panel-first-child\">\n<div style=\"text-align: left\" class=\"panel-widget-style panel-widget-style-for-30-6-2-0\">[siteorigin_widget class=\u00a0\u00bbSiteOrigin_Widget_Icon_Widget\u00a0\u00bb][\/siteorigin_widget]<\/div>\n<\/div>\n<div id=\"panel-30-6-2-1\" class=\"so-panel widget widget_text\">\n<div style=\"text-align: center\" class=\"panel-widget-style panel-widget-style-for-30-6-2-1\">\n<div class=\"textwidget\">\n<p align=\"center|justify\">Maintien en Condition Op\u00e9rationnelle<\/p>\n<\/div><\/div>\n<\/div>\n<div id=\"panel-30-6-2-2\" class=\"so-panel widget widget_sow-button panel-last-child\">\n<div style=\"text-align: center\" class=\"panel-widget-style panel-widget-style-for-30-6-2-2\">[siteorigin_widget class=\u00a0\u00bbSiteOrigin_Widget_Button_Widget\u00a0\u00bb][\/siteorigin_widget]<\/div>\n<\/div>\n<\/div>\n<\/div>\n<\/div>\n<div id=\"pg-30-7\" class=\"panel-grid panel-has-style\">\n<div style=\"padding: 40px 0\" class=\"panel-row-style panel-row-style-for-30-7\">\n<div id=\"pgc-30-7-0\" class=\"panel-grid-cell\">\n<div id=\"panel-30-7-0-0\" class=\"so-panel widget widget_sydney_portfolio sydney_portfolio_widget panel-first-child panel-last-child\">\n<div style=\"text-align: left\" class=\"panel-widget-style panel-widget-style-for-30-7-0-0\">[siteorigin_widget class=\u00a0\u00bbSydney_Portfolio\u00a0\u00bb][\/siteorigin_widget]<\/div>\n<\/div>\n<\/div>\n<\/div>\n<\/div>\n<div id=\"pg-30-8\" class=\"panel-grid panel-has-style\">\n<div class=\"siteorigin-panels-stretch panel-row-style panel-row-style-for-30-8\" style=\"padding: 40px 0\">\n<div id=\"pgc-30-8-0\" class=\"panel-grid-cell\">\n<div id=\"panel-30-8-0-0\" class=\"so-panel widget widget_sow-headline panel-first-child panel-last-child\">\n<div style=\"text-align: left\" class=\"panel-widget-style panel-widget-style-for-30-8-0-0\">[siteorigin_widget class=\u00a0\u00bbSiteOrigin_Widget_Headline_Widget\u00a0\u00bb][\/siteorigin_widget]<\/div>\n<\/div>\n<\/div>\n<\/div>\n<\/div>\n<div id=\"pg-30-9\" class=\"panel-grid panel-has-style\">\n<div class=\"siteorigin-panels-stretch panel-row-style panel-row-style-for-30-9\" style=\"padding: 30px 0\">\n<div id=\"pgc-30-9-0\" class=\"panel-grid-cell\">\n<div id=\"panel-30-9-0-0\" class=\"so-panel widget widget_sydney_clients sydney_clients_widget panel-first-child panel-last-child\">\n<div style=\"text-align: left\" class=\"panel-widget-style panel-widget-style-for-30-9-0-0\">[siteorigin_widget class=\u00a0\u00bbSydney_Clients\u00a0\u00bb][\/siteorigin_widget]<\/div>\n<\/div>\n<\/div>\n<\/div>\n<\/div>\n<\/div>\n<p><\/p>","protected":false},"excerpt":{"rendered":"<p>[siteorigin_widget class=\u00a0\u00bbSiteOrigin_Widget_LayoutSlider_Widget\u00a0\u00bb][\/siteorigin_widget] [siteorigin_widget class=\u00a0\u00bbSiteOrigin_Widget_Headline_Widget\u00a0\u00bb][\/siteorigin_widget] [siteorigin_widget class=\u00a0\u00bbSiteOrigin_Widget_Image_Widget\u00a0\u00bb][\/siteorigin_widget] Infrastructures Spatiales [siteorigin_widget class=\u00a0\u00bbSiteOrigin_Widget_Image_Widget\u00a0\u00bb][\/siteorigin_widget] Applications Spatiales [siteorigin_widget class=\u00a0\u00bbSiteOrigin_Widget_Image_Widget\u00a0\u00bb][\/siteorigin_widget] Int\u00e9gration Virtuelle [siteorigin_widget class=\u00a0\u00bbSiteOrigin_Widget_Image_Widget\u00a0\u00bb][\/siteorigin_widget] Gestion du Trafic A\u00e9rien [&hellip;]<\/p>\n","protected":false},"author":6,"featured_media":0,"parent":0,"menu_order":0,"comment_status":"closed","ping_status":"closed","template":"page-templates\/page_fullwidth.php","meta":{"ngg_post_thumbnail":0,"footnotes":""},"class_list":["post-30","page","type-page","status-publish","hentry"],"yoast_head":"<!-- This site is optimized with the Yoast SEO plugin v26.7 - https:\/\/yoast.com\/wordpress\/plugins\/seo\/ -->\n<title>- Artal technologies<\/title>\n<meta name=\"robots\" content=\"index, follow, max-snippet:-1, max-image-preview:large, max-video-preview:-1\" \/>\n<link rel=\"canonical\" href=\"https:\/\/artal-group.com\/artal\/30-2\/\" \/>\n<meta property=\"og:locale\" content=\"fr_FR\" \/>\n<meta property=\"og:type\" content=\"article\" \/>\n<meta property=\"og:title\" content=\"- Artal technologies\" \/>\n<meta property=\"og:description\" content=\"[siteorigin_widget class=\u00a0\u00bbSiteOrigin_Widget_LayoutSlider_Widget\u00a0\u00bb][\/siteorigin_widget] [siteorigin_widget class=\u00a0\u00bbSiteOrigin_Widget_Headline_Widget\u00a0\u00bb][\/siteorigin_widget] [siteorigin_widget class=\u00a0\u00bbSiteOrigin_Widget_Image_Widget\u00a0\u00bb][\/siteorigin_widget] Infrastructures Spatiales [siteorigin_widget class=\u00a0\u00bbSiteOrigin_Widget_Image_Widget\u00a0\u00bb][\/siteorigin_widget] Applications Spatiales [siteorigin_widget class=\u00a0\u00bbSiteOrigin_Widget_Image_Widget\u00a0\u00bb][\/siteorigin_widget] Int\u00e9gration Virtuelle [siteorigin_widget class=\u00a0\u00bbSiteOrigin_Widget_Image_Widget\u00a0\u00bb][\/siteorigin_widget] Gestion du Trafic A\u00e9rien [&hellip;]\" \/>\n<meta property=\"og:url\" content=\"https:\/\/artal-group.com\/artal\/30-2\/\" \/>\n<meta property=\"og:site_name\" content=\"Artal technologies\" \/>\n<meta property=\"article:modified_time\" content=\"2019-04-18T07:30:26+00:00\" \/>\n<meta name=\"twitter:card\" content=\"summary_large_image\" \/>\n<meta name=\"twitter:label1\" content=\"Dur\u00e9e de lecture estim\u00e9e\" \/>\n\t<meta name=\"twitter:data1\" content=\"1 minute\" \/>\n<script type=\"application\/ld+json\" class=\"yoast-schema-graph\">{\"@context\":\"https:\/\/schema.org\",\"@graph\":[{\"@type\":\"WebPage\",\"@id\":\"https:\/\/artal-group.com\/artal\/30-2\/\",\"url\":\"https:\/\/artal-group.com\/artal\/30-2\/\",\"name\":\"- Artal technologies\",\"isPartOf\":{\"@id\":\"https:\/\/artal-group.com\/artal\/#website\"},\"datePublished\":\"2014-02-03T13:47:03+00:00\",\"dateModified\":\"2019-04-18T07:30:26+00:00\",\"inLanguage\":\"fr-FR\",\"potentialAction\":[{\"@type\":\"ReadAction\",\"target\":[\"https:\/\/artal-group.com\/artal\/30-2\/\"]}]},{\"@type\":\"WebSite\",\"@id\":\"https:\/\/artal-group.com\/artal\/#website\",\"url\":\"https:\/\/artal-group.com\/artal\/\",\"name\":\"Artal technologies\",\"description\":\"There&#039;s a connection\",\"potentialAction\":[{\"@type\":\"SearchAction\",\"target\":{\"@type\":\"EntryPoint\",\"urlTemplate\":\"https:\/\/artal-group.com\/artal\/?s={search_term_string}\"},\"query-input\":{\"@type\":\"PropertyValueSpecification\",\"valueRequired\":true,\"valueName\":\"search_term_string\"}}],\"inLanguage\":\"fr-FR\"}]}<\/script>\n<!-- \/ Yoast SEO plugin. -->","yoast_head_json":{"title":"- Artal technologies","robots":{"index":"index","follow":"follow","max-snippet":"max-snippet:-1","max-image-preview":"max-image-preview:large","max-video-preview":"max-video-preview:-1"},"canonical":"https:\/\/artal-group.com\/artal\/30-2\/","og_locale":"fr_FR","og_type":"article","og_title":"- Artal technologies","og_description":"[siteorigin_widget class=\u00a0\u00bbSiteOrigin_Widget_LayoutSlider_Widget\u00a0\u00bb][\/siteorigin_widget] [siteorigin_widget class=\u00a0\u00bbSiteOrigin_Widget_Headline_Widget\u00a0\u00bb][\/siteorigin_widget] [siteorigin_widget class=\u00a0\u00bbSiteOrigin_Widget_Image_Widget\u00a0\u00bb][\/siteorigin_widget] Infrastructures Spatiales [siteorigin_widget class=\u00a0\u00bbSiteOrigin_Widget_Image_Widget\u00a0\u00bb][\/siteorigin_widget] Applications Spatiales [siteorigin_widget class=\u00a0\u00bbSiteOrigin_Widget_Image_Widget\u00a0\u00bb][\/siteorigin_widget] Int\u00e9gration Virtuelle [siteorigin_widget class=\u00a0\u00bbSiteOrigin_Widget_Image_Widget\u00a0\u00bb][\/siteorigin_widget] Gestion du Trafic A\u00e9rien [&hellip;]","og_url":"https:\/\/artal-group.com\/artal\/30-2\/","og_site_name":"Artal technologies","article_modified_time":"2019-04-18T07:30:26+00:00","twitter_card":"summary_large_image","twitter_misc":{"Dur\u00e9e de lecture estim\u00e9e":"1 minute"},"schema":{"@context":"https:\/\/schema.org","@graph":[{"@type":"WebPage","@id":"https:\/\/artal-group.com\/artal\/30-2\/","url":"https:\/\/artal-group.com\/artal\/30-2\/","name":"- Artal technologies","isPartOf":{"@id":"https:\/\/artal-group.com\/artal\/#website"},"datePublished":"2014-02-03T13:47:03+00:00","dateModified":"2019-04-18T07:30:26+00:00","inLanguage":"fr-FR","potentialAction":[{"@type":"ReadAction","target":["https:\/\/artal-group.com\/artal\/30-2\/"]}]},{"@type":"WebSite","@id":"https:\/\/artal-group.com\/artal\/#website","url":"https:\/\/artal-group.com\/artal\/","name":"Artal technologies","description":"There&#039;s a connection","potentialAction":[{"@type":"SearchAction","target":{"@type":"EntryPoint","urlTemplate":"https:\/\/artal-group.com\/artal\/?s={search_term_string}"},"query-input":{"@type":"PropertyValueSpecification","valueRequired":true,"valueName":"search_term_string"}}],"inLanguage":"fr-FR"}]}},"_links":{"self":[{"href":"https:\/\/artal-group.com\/artal\/wp-json\/wp\/v2\/pages\/30","targetHints":{"allow":["GET"]}}],"collection":[{"href":"https:\/\/artal-group.com\/artal\/wp-json\/wp\/v2\/pages"}],"about":[{"href":"https:\/\/artal-group.com\/artal\/wp-json\/wp\/v2\/types\/page"}],"author":[{"embeddable":true,"href":"https:\/\/artal-group.com\/artal\/wp-json\/wp\/v2\/users\/6"}],"replies":[{"embeddable":true,"href":"https:\/\/artal-group.com\/artal\/wp-json\/wp\/v2\/comments?post=30"}],"version-history":[{"count":70,"href":"https:\/\/artal-group.com\/artal\/wp-json\/wp\/v2\/pages\/30\/revisions"}],"predecessor-version":[{"id":1206,"href":"https:\/\/artal-group.com\/artal\/wp-json\/wp\/v2\/pages\/30\/revisions\/1206"}],"wp:attachment":[{"href":"https:\/\/artal-group.com\/artal\/wp-json\/wp\/v2\/media?parent=30"}],"curies":[{"name":"wp","href":"https:\/\/api.w.org\/{rel}","templated":true}]}}