{"id":41,"date":"2014-02-03T15:10:16","date_gmt":"2014-02-03T14:10:16","guid":{"rendered":"http:\/\/37.187.198.37\/artal\/?page_id=41"},"modified":"2020-08-14T14:45:09","modified_gmt":"2020-08-14T12:45:09","slug":"service-1","status":"publish","type":"page","link":"https:\/\/artal-group.com\/artal\/nos-services\/service-1\/","title":{"rendered":"<!--:fr-->Applications m\u00e9tier<!--:-->"},"content":{"rendered":"<p><!--:en-->service 1<!--:--><!--:fr-->Artal Technologies prend en charge pour ses clients la r\u00e9alisation compl\u00e8te d&rsquo;applications m\u00e9tier.<\/p>\n<p>Artal Technologies m\u00e8ne ces activit\u00e9s au forfait dans ses locaux, en s&rsquo;appuyant sur ses moyens et son usine logicielle (cf lien descriptif)<\/p>\n<p>Artal Technologies prend \u00e0 sa charge l&rsquo;ensemble des activit\u00e9s :<br \/>\n&#8211; assistance \u00e0 sp\u00e9cification<br \/>\n&#8211; assistance m\u00e9tier sur nos domaines d&rsquo;expertises<br \/>\n&#8211; assistance technique<br \/>\n&#8211; conception<br \/>\n&#8211; d\u00e9veloppement<br \/>\n&#8211; validation<br \/>\n&#8211; maintient en condition op\u00e9rationnelles<br \/>\n&#8211; maintenance corrective<br \/>\n&#8211; maintenance \u00e9volutive<\/p>\n<p>Cette activit\u00e9 est r\u00e9alis\u00e9e en lien \u00e9troit avec nos clients afin de prendre en compte les contraintes de r\u00e9alisation, et fournir le maximum de r\u00e9activit\u00e9 et d&rsquo;adaptabilit\u00e9.<\/p>\n<p>Cette activit\u00e9 assure le support technique \u00e0 la r\u00e9alisation des applications m\u00e9tier, que nous compl\u00e9tons par une expertise dans les domaines m\u00e9tiers qui correspondent \u00e0 nos offres : simulation, agriculture, temps r\u00e9el, B.I&#8230;.<!--:--><\/p>\n<p><\/p>","protected":false},"excerpt":{"rendered":"<p>service 1Artal Technologies prend en charge pour ses clients la r\u00e9alisation compl\u00e8te d&rsquo;applications m\u00e9tier. Artal Technologies m\u00e8ne ces activit\u00e9s au forfait dans [&hellip;]<\/p>\n","protected":false},"author":1,"featured_media":0,"parent":39,"menu_order":0,"comment_status":"open","ping_status":"open","template":"page-full.php","meta":{"ngg_post_thumbnail":0,"footnotes":""},"class_list":["post-41","page","type-page","status-publish","hentry"],"yoast_head":"<!-- This site is optimized with the Yoast SEO plugin v26.7 - https:\/\/yoast.com\/wordpress\/plugins\/seo\/ -->\n<title>Applications m\u00e9tier - Artal technologies<\/title>\n<meta name=\"robots\" content=\"index, follow, max-snippet:-1, max-image-preview:large, max-video-preview:-1\" \/>\n<link rel=\"canonical\" href=\"https:\/\/artal-group.com\/artal\/nos-services\/service-1\/\" \/>\n<meta property=\"og:locale\" content=\"fr_FR\" \/>\n<meta property=\"og:type\" content=\"article\" \/>\n<meta property=\"og:title\" content=\"Applications m\u00e9tier - Artal technologies\" \/>\n<meta property=\"og:description\" content=\"service 1Artal Technologies prend en charge pour ses clients la r\u00e9alisation compl\u00e8te d&rsquo;applications m\u00e9tier. Artal Technologies m\u00e8ne ces activit\u00e9s au forfait dans [&hellip;]\" \/>\n<meta property=\"og:url\" content=\"https:\/\/artal-group.com\/artal\/nos-services\/service-1\/\" \/>\n<meta property=\"og:site_name\" content=\"Artal technologies\" \/>\n<meta property=\"article:modified_time\" content=\"2020-08-14T12:45:09+00:00\" \/>\n<meta name=\"twitter:card\" content=\"summary_large_image\" \/>\n<meta name=\"twitter:label1\" content=\"Dur\u00e9e de lecture estim\u00e9e\" \/>\n\t<meta name=\"twitter:data1\" content=\"1 minute\" \/>\n<script type=\"application\/ld+json\" class=\"yoast-schema-graph\">{\"@context\":\"https:\/\/schema.org\",\"@graph\":[{\"@type\":\"WebPage\",\"@id\":\"https:\/\/artal-group.com\/artal\/nos-services\/service-1\/\",\"url\":\"https:\/\/artal-group.com\/artal\/nos-services\/service-1\/\",\"name\":\"Applications m\u00e9tier - Artal technologies\",\"isPartOf\":{\"@id\":\"https:\/\/artal-group.com\/artal\/#website\"},\"datePublished\":\"2014-02-03T14:10:16+00:00\",\"dateModified\":\"2020-08-14T12:45:09+00:00\",\"breadcrumb\":{\"@id\":\"https:\/\/artal-group.com\/artal\/nos-services\/service-1\/#breadcrumb\"},\"inLanguage\":\"fr-FR\",\"potentialAction\":[{\"@type\":\"ReadAction\",\"target\":[\"https:\/\/artal-group.com\/artal\/nos-services\/service-1\/\"]}]},{\"@type\":\"BreadcrumbList\",\"@id\":\"https:\/\/artal-group.com\/artal\/nos-services\/service-1\/#breadcrumb\",\"itemListElement\":[{\"@type\":\"ListItem\",\"position\":1,\"name\":\"Accueil\",\"item\":\"https:\/\/artal-group.com\/artal\/\"},{\"@type\":\"ListItem\",\"position\":2,\"name\":\"Applications m\u00e9tier\"}]},{\"@type\":\"WebSite\",\"@id\":\"https:\/\/artal-group.com\/artal\/#website\",\"url\":\"https:\/\/artal-group.com\/artal\/\",\"name\":\"Artal technologies\",\"description\":\"There&#039;s a connection\",\"potentialAction\":[{\"@type\":\"SearchAction\",\"target\":{\"@type\":\"EntryPoint\",\"urlTemplate\":\"https:\/\/artal-group.com\/artal\/?s={search_term_string}\"},\"query-input\":{\"@type\":\"PropertyValueSpecification\",\"valueRequired\":true,\"valueName\":\"search_term_string\"}}],\"inLanguage\":\"fr-FR\"}]}<\/script>\n<!-- \/ Yoast SEO plugin. -->","yoast_head_json":{"title":"Applications m\u00e9tier - Artal technologies","robots":{"index":"index","follow":"follow","max-snippet":"max-snippet:-1","max-image-preview":"max-image-preview:large","max-video-preview":"max-video-preview:-1"},"canonical":"https:\/\/artal-group.com\/artal\/nos-services\/service-1\/","og_locale":"fr_FR","og_type":"article","og_title":"Applications m\u00e9tier - Artal technologies","og_description":"service 1Artal Technologies prend en charge pour ses clients la r\u00e9alisation compl\u00e8te d&rsquo;applications m\u00e9tier. Artal Technologies m\u00e8ne ces activit\u00e9s au forfait dans [&hellip;]","og_url":"https:\/\/artal-group.com\/artal\/nos-services\/service-1\/","og_site_name":"Artal technologies","article_modified_time":"2020-08-14T12:45:09+00:00","twitter_card":"summary_large_image","twitter_misc":{"Dur\u00e9e de lecture estim\u00e9e":"1 minute"},"schema":{"@context":"https:\/\/schema.org","@graph":[{"@type":"WebPage","@id":"https:\/\/artal-group.com\/artal\/nos-services\/service-1\/","url":"https:\/\/artal-group.com\/artal\/nos-services\/service-1\/","name":"Applications m\u00e9tier - Artal technologies","isPartOf":{"@id":"https:\/\/artal-group.com\/artal\/#website"},"datePublished":"2014-02-03T14:10:16+00:00","dateModified":"2020-08-14T12:45:09+00:00","breadcrumb":{"@id":"https:\/\/artal-group.com\/artal\/nos-services\/service-1\/#breadcrumb"},"inLanguage":"fr-FR","potentialAction":[{"@type":"ReadAction","target":["https:\/\/artal-group.com\/artal\/nos-services\/service-1\/"]}]},{"@type":"BreadcrumbList","@id":"https:\/\/artal-group.com\/artal\/nos-services\/service-1\/#breadcrumb","itemListElement":[{"@type":"ListItem","position":1,"name":"Accueil","item":"https:\/\/artal-group.com\/artal\/"},{"@type":"ListItem","position":2,"name":"Applications m\u00e9tier"}]},{"@type":"WebSite","@id":"https:\/\/artal-group.com\/artal\/#website","url":"https:\/\/artal-group.com\/artal\/","name":"Artal technologies","description":"There&#039;s a connection","potentialAction":[{"@type":"SearchAction","target":{"@type":"EntryPoint","urlTemplate":"https:\/\/artal-group.com\/artal\/?s={search_term_string}"},"query-input":{"@type":"PropertyValueSpecification","valueRequired":true,"valueName":"search_term_string"}}],"inLanguage":"fr-FR"}]}},"_links":{"self":[{"href":"https:\/\/artal-group.com\/artal\/wp-json\/wp\/v2\/pages\/41","targetHints":{"allow":["GET"]}}],"collection":[{"href":"https:\/\/artal-group.com\/artal\/wp-json\/wp\/v2\/pages"}],"about":[{"href":"https:\/\/artal-group.com\/artal\/wp-json\/wp\/v2\/types\/page"}],"author":[{"embeddable":true,"href":"https:\/\/artal-group.com\/artal\/wp-json\/wp\/v2\/users\/1"}],"replies":[{"embeddable":true,"href":"https:\/\/artal-group.com\/artal\/wp-json\/wp\/v2\/comments?post=41"}],"version-history":[{"count":9,"href":"https:\/\/artal-group.com\/artal\/wp-json\/wp\/v2\/pages\/41\/revisions"}],"predecessor-version":[{"id":1235,"href":"https:\/\/artal-group.com\/artal\/wp-json\/wp\/v2\/pages\/41\/revisions\/1235"}],"up":[{"embeddable":true,"href":"https:\/\/artal-group.com\/artal\/wp-json\/wp\/v2\/pages\/39"}],"wp:attachment":[{"href":"https:\/\/artal-group.com\/artal\/wp-json\/wp\/v2\/media?parent=41"}],"curies":[{"name":"wp","href":"https:\/\/api.w.org\/{rel}","templated":true}]}}