{"id":43,"date":"2014-02-03T15:10:55","date_gmt":"2014-02-03T14:10:55","guid":{"rendered":"http:\/\/37.187.198.37\/artal\/?page_id=43"},"modified":"2020-08-14T14:45:23","modified_gmt":"2020-08-14T12:45:23","slug":"service-2","status":"publish","type":"page","link":"https:\/\/artal-group.com\/artal\/nos-services\/service-2\/","title":{"rendered":"<!--:fr-->Conseil<!--:-->"},"content":{"rendered":"<p><!--:fr-->Artal Technologies apporte \u00e0 ses clients son conseil sur la r\u00e9alisation d&rsquo;applications logicielles.<\/p>\n<p>Cette activit\u00e9 est souvent r\u00e9alis\u00e9e en accompagnement de la r\u00e9alisation des applications m\u00e9tier.<\/p>\n<p>Le cadre d\u00e9pend du type de conseil :<br \/>\n&#8211; choix de technologies<br \/>\n&#8211; processus de d\u00e9veloppement<br \/>\n&#8211; atelier logiciel<br \/>\n&#8211; outils et m\u00e9thodes de d\u00e9veloppement, test, validation<\/p>\n<p>Ces activit\u00e9s sont compl\u00e9t\u00e9s par un support m\u00e9tier sur nos domaines d&rsquo;expertise, sous forme d&rsquo;assistance technique ou d&rsquo;aide \u00e0 ma\u00eetrise d&rsquo;ouvrage.<!--:--><\/p>\n<p><\/p>","protected":false},"excerpt":{"rendered":"<p>Artal Technologies apporte \u00e0 ses clients son conseil sur la r\u00e9alisation d&rsquo;applications logicielles. Cette activit\u00e9 est souvent r\u00e9alis\u00e9e en accompagnement de la [&hellip;]<\/p>\n","protected":false},"author":1,"featured_media":0,"parent":39,"menu_order":0,"comment_status":"open","ping_status":"open","template":"page-full.php","meta":{"ngg_post_thumbnail":0,"footnotes":""},"class_list":["post-43","page","type-page","status-publish","hentry"],"yoast_head":"<!-- This site is optimized with the Yoast SEO plugin v26.7 - https:\/\/yoast.com\/wordpress\/plugins\/seo\/ -->\n<title>Conseil - Artal technologies<\/title>\n<meta name=\"robots\" content=\"index, follow, max-snippet:-1, max-image-preview:large, max-video-preview:-1\" \/>\n<link rel=\"canonical\" href=\"https:\/\/artal-group.com\/artal\/nos-services\/service-2\/\" \/>\n<meta property=\"og:locale\" content=\"fr_FR\" \/>\n<meta property=\"og:type\" content=\"article\" \/>\n<meta property=\"og:title\" content=\"Conseil - Artal technologies\" \/>\n<meta property=\"og:description\" content=\"Artal Technologies apporte \u00e0 ses clients son conseil sur la r\u00e9alisation d&rsquo;applications logicielles. Cette activit\u00e9 est souvent r\u00e9alis\u00e9e en accompagnement de la [&hellip;]\" \/>\n<meta property=\"og:url\" content=\"https:\/\/artal-group.com\/artal\/nos-services\/service-2\/\" \/>\n<meta property=\"og:site_name\" content=\"Artal technologies\" \/>\n<meta property=\"article:modified_time\" content=\"2020-08-14T12:45:23+00:00\" \/>\n<meta name=\"twitter:card\" content=\"summary_large_image\" \/>\n<script type=\"application\/ld+json\" class=\"yoast-schema-graph\">{\"@context\":\"https:\/\/schema.org\",\"@graph\":[{\"@type\":\"WebPage\",\"@id\":\"https:\/\/artal-group.com\/artal\/nos-services\/service-2\/\",\"url\":\"https:\/\/artal-group.com\/artal\/nos-services\/service-2\/\",\"name\":\"Conseil - Artal technologies\",\"isPartOf\":{\"@id\":\"https:\/\/artal-group.com\/artal\/#website\"},\"datePublished\":\"2014-02-03T14:10:55+00:00\",\"dateModified\":\"2020-08-14T12:45:23+00:00\",\"breadcrumb\":{\"@id\":\"https:\/\/artal-group.com\/artal\/nos-services\/service-2\/#breadcrumb\"},\"inLanguage\":\"fr-FR\",\"potentialAction\":[{\"@type\":\"ReadAction\",\"target\":[\"https:\/\/artal-group.com\/artal\/nos-services\/service-2\/\"]}]},{\"@type\":\"BreadcrumbList\",\"@id\":\"https:\/\/artal-group.com\/artal\/nos-services\/service-2\/#breadcrumb\",\"itemListElement\":[{\"@type\":\"ListItem\",\"position\":1,\"name\":\"Accueil\",\"item\":\"https:\/\/artal-group.com\/artal\/\"},{\"@type\":\"ListItem\",\"position\":2,\"name\":\"Conseil\"}]},{\"@type\":\"WebSite\",\"@id\":\"https:\/\/artal-group.com\/artal\/#website\",\"url\":\"https:\/\/artal-group.com\/artal\/\",\"name\":\"Artal technologies\",\"description\":\"There&#039;s a connection\",\"potentialAction\":[{\"@type\":\"SearchAction\",\"target\":{\"@type\":\"EntryPoint\",\"urlTemplate\":\"https:\/\/artal-group.com\/artal\/?s={search_term_string}\"},\"query-input\":{\"@type\":\"PropertyValueSpecification\",\"valueRequired\":true,\"valueName\":\"search_term_string\"}}],\"inLanguage\":\"fr-FR\"}]}<\/script>\n<!-- \/ Yoast SEO plugin. -->","yoast_head_json":{"title":"Conseil - Artal technologies","robots":{"index":"index","follow":"follow","max-snippet":"max-snippet:-1","max-image-preview":"max-image-preview:large","max-video-preview":"max-video-preview:-1"},"canonical":"https:\/\/artal-group.com\/artal\/nos-services\/service-2\/","og_locale":"fr_FR","og_type":"article","og_title":"Conseil - Artal technologies","og_description":"Artal Technologies apporte \u00e0 ses clients son conseil sur la r\u00e9alisation d&rsquo;applications logicielles. Cette activit\u00e9 est souvent r\u00e9alis\u00e9e en accompagnement de la [&hellip;]","og_url":"https:\/\/artal-group.com\/artal\/nos-services\/service-2\/","og_site_name":"Artal technologies","article_modified_time":"2020-08-14T12:45:23+00:00","twitter_card":"summary_large_image","schema":{"@context":"https:\/\/schema.org","@graph":[{"@type":"WebPage","@id":"https:\/\/artal-group.com\/artal\/nos-services\/service-2\/","url":"https:\/\/artal-group.com\/artal\/nos-services\/service-2\/","name":"Conseil - Artal technologies","isPartOf":{"@id":"https:\/\/artal-group.com\/artal\/#website"},"datePublished":"2014-02-03T14:10:55+00:00","dateModified":"2020-08-14T12:45:23+00:00","breadcrumb":{"@id":"https:\/\/artal-group.com\/artal\/nos-services\/service-2\/#breadcrumb"},"inLanguage":"fr-FR","potentialAction":[{"@type":"ReadAction","target":["https:\/\/artal-group.com\/artal\/nos-services\/service-2\/"]}]},{"@type":"BreadcrumbList","@id":"https:\/\/artal-group.com\/artal\/nos-services\/service-2\/#breadcrumb","itemListElement":[{"@type":"ListItem","position":1,"name":"Accueil","item":"https:\/\/artal-group.com\/artal\/"},{"@type":"ListItem","position":2,"name":"Conseil"}]},{"@type":"WebSite","@id":"https:\/\/artal-group.com\/artal\/#website","url":"https:\/\/artal-group.com\/artal\/","name":"Artal technologies","description":"There&#039;s a connection","potentialAction":[{"@type":"SearchAction","target":{"@type":"EntryPoint","urlTemplate":"https:\/\/artal-group.com\/artal\/?s={search_term_string}"},"query-input":{"@type":"PropertyValueSpecification","valueRequired":true,"valueName":"search_term_string"}}],"inLanguage":"fr-FR"}]}},"_links":{"self":[{"href":"https:\/\/artal-group.com\/artal\/wp-json\/wp\/v2\/pages\/43","targetHints":{"allow":["GET"]}}],"collection":[{"href":"https:\/\/artal-group.com\/artal\/wp-json\/wp\/v2\/pages"}],"about":[{"href":"https:\/\/artal-group.com\/artal\/wp-json\/wp\/v2\/types\/page"}],"author":[{"embeddable":true,"href":"https:\/\/artal-group.com\/artal\/wp-json\/wp\/v2\/users\/1"}],"replies":[{"embeddable":true,"href":"https:\/\/artal-group.com\/artal\/wp-json\/wp\/v2\/comments?post=43"}],"version-history":[{"count":5,"href":"https:\/\/artal-group.com\/artal\/wp-json\/wp\/v2\/pages\/43\/revisions"}],"predecessor-version":[{"id":1160,"href":"https:\/\/artal-group.com\/artal\/wp-json\/wp\/v2\/pages\/43\/revisions\/1160"}],"up":[{"embeddable":true,"href":"https:\/\/artal-group.com\/artal\/wp-json\/wp\/v2\/pages\/39"}],"wp:attachment":[{"href":"https:\/\/artal-group.com\/artal\/wp-json\/wp\/v2\/media?parent=43"}],"curies":[{"name":"wp","href":"https:\/\/api.w.org\/{rel}","templated":true}]}}