{"id":52,"date":"2014-02-03T15:34:43","date_gmt":"2014-02-03T14:34:43","guid":{"rendered":"http:\/\/37.187.198.37\/artal\/?page_id=52"},"modified":"2020-10-28T16:35:40","modified_gmt":"2020-10-28T14:35:40","slug":"52-2","status":"publish","type":"page","link":"https:\/\/artal-group.com\/artal\/52-2\/","title":{"rendered":""},"content":{"rendered":"<div id=\"pl-52\" class=\"panel-layout\">\n<div id=\"pg-52-0\" class=\"panel-grid panel-has-style\" data-style=\"{&quot;padding&quot;:&quot;50px&quot;,&quot;row_stretch&quot;:&quot;full-stretched&quot;,&quot;align&quot;:&quot;&quot;,&quot;overlay&quot;:&quot;&quot;,&quot;overlay_color&quot;:&quot;#000000&quot;}\">\n<div class=\"siteorigin-panels-stretch panel-row-style panel-row-style-for-52-0\" style=\"padding: 50px 0\" data-stretch-type=\"full-stretched\" data-overlay=\"true\" data-overlay-color=\"#000000\">\n<div id=\"pgc-52-0-0\" class=\"panel-grid-cell\" data-weight=\"1\">\n<div id=\"panel-52-0-0-0\" class=\"so-panel widget widget_sow-layout-slider panel-first-child panel-last-child\" data-index=\"0\" data-style=\"{&quot;background&quot;:&quot;#6a6a6a&quot;,&quot;background_image_attachment&quot;:false,&quot;background_display&quot;:&quot;tile&quot;,&quot;content_alignment&quot;:&quot;left&quot;,&quot;title_color&quot;:&quot;#443f3f&quot;,&quot;headings_color&quot;:&quot;#443f3f&quot;}\">\n<div style=\"text-align: left\" data-title-color=\"#443f3f\" data-headings-color=\"#443f3f\" class=\"panel-widget-style panel-widget-style-for-52-0-0-0\">[siteorigin_widget class=\u00a0\u00bbSiteOrigin_Widget_LayoutSlider_Widget\u00a0\u00bb][\/siteorigin_widget]<\/div>\n<\/div>\n<\/div>\n<\/div>\n<\/div>\n<div id=\"pg-52-1\" class=\"panel-grid panel-has-style\" data-style=\"{&quot;padding&quot;:&quot;40px&quot;,&quot;background&quot;:&quot;#6a6a6a&quot;,&quot;row_stretch&quot;:&quot;full&quot;,&quot;align&quot;:&quot;&quot;,&quot;overlay&quot;:&quot;&quot;,&quot;overlay_color&quot;:&quot;#000000&quot;}\">\n<div class=\"siteorigin-panels-stretch panel-row-style panel-row-style-for-52-1\" style=\"padding: 40px 0\" data-stretch-type=\"full\" data-overlay=\"true\" data-overlay-color=\"#000000\">\n<div id=\"pgc-52-1-0\" class=\"panel-grid-cell\" data-weight=\"1\">\n<div id=\"panel-52-1-0-0\" class=\"so-panel widget widget_sow-editor panel-first-child panel-last-child\" data-index=\"1\" data-style=\"{&quot;background_image_attachment&quot;:false,&quot;background_display&quot;:&quot;tile&quot;,&quot;font_color&quot;:&quot;#ffffff&quot;,&quot;content_alignment&quot;:&quot;left&quot;,&quot;title_color&quot;:&quot;#443f3f&quot;,&quot;headings_color&quot;:&quot;#ffffff&quot;}\">\n<div style=\"text-align: left\" data-title-color=\"#443f3f\" data-headings-color=\"#ffffff\" class=\"panel-widget-style panel-widget-style-for-52-1-0-0\">\n<div class=\"so-widget-sow-editor so-widget-sow-editor-base\">\n<div class=\"siteorigin-widget-tinymce textwidget\">\n\t<!--:fr--><\/p>\n<h1 style=\"text-align: center\">Contactez Nous<\/h1>\n<p><!--:--><\/div>\n<\/div>\n<\/div>\n<\/div>\n<\/div>\n<\/div>\n<\/div>\n<div id=\"pg-52-2\" class=\"panel-grid panel-has-style\" data-style=\"{&quot;row_stretch&quot;:&quot;full&quot;,&quot;align&quot;:&quot;&quot;,&quot;overlay&quot;:&quot;&quot;,&quot;overlay_color&quot;:&quot;#000000&quot;}\">\n<div class=\"siteorigin-panels-stretch panel-row-style panel-row-style-for-52-2\" style=\"padding: 100px 0\" data-stretch-type=\"full\" data-overlay=\"true\" data-overlay-color=\"#000000\">\n<div id=\"pgc-52-2-0\" class=\"panel-grid-cell\" data-weight=\"0.33333333333333\">\n<div id=\"panel-52-2-0-0\" class=\"so-panel widget widget_sydney_contact_info sydney_contact_info_widget panel-first-child panel-last-child\" data-index=\"2\" data-style=\"{&quot;background_image_attachment&quot;:false,&quot;background_display&quot;:&quot;tile&quot;,&quot;content_alignment&quot;:&quot;center&quot;,&quot;title_color&quot;:&quot;#443f3f&quot;,&quot;headings_color&quot;:&quot;#443f3f&quot;}\">\n<div style=\"text-align: center\" data-title-color=\"#443f3f\" data-headings-color=\"#443f3f\" class=\"panel-widget-style panel-widget-style-for-52-2-0-0\">[siteorigin_widget class=\u00a0\u00bbSydney_Contact_Info\u00a0\u00bb][\/siteorigin_widget]<\/div>\n<\/div>\n<\/div>\n<div id=\"pgc-52-2-1\" class=\"panel-grid-cell panel-grid-cell-empty\" data-weight=\"0.33333333333333\"><\/div>\n<div id=\"pgc-52-2-2\" class=\"panel-grid-cell\" data-weight=\"0.33333333333333\">\n<div id=\"panel-52-2-2-0\" class=\"so-panel widget widget_sydney_contact_info sydney_contact_info_widget panel-first-child panel-last-child\" data-index=\"3\" data-style=\"{&quot;background_image_attachment&quot;:false,&quot;background_display&quot;:&quot;tile&quot;,&quot;content_alignment&quot;:&quot;center&quot;,&quot;title_color&quot;:&quot;#443f3f&quot;,&quot;headings_color&quot;:&quot;#443f3f&quot;}\">\n<div style=\"text-align: center\" data-title-color=\"#443f3f\" data-headings-color=\"#443f3f\" class=\"panel-widget-style panel-widget-style-for-52-2-2-0\">[siteorigin_widget class=\u00a0\u00bbSydney_Contact_Info\u00a0\u00bb][\/siteorigin_widget]<\/div>\n<\/div>\n<\/div>\n<\/div>\n<\/div>\n<div id=\"pg-52-3\" class=\"panel-grid panel-has-style\" data-style=\"{&quot;cell_alignment&quot;:&quot;flex-start&quot;,&quot;align&quot;:&quot;&quot;,&quot;background_image&quot;:false,&quot;overlay&quot;:&quot;&quot;,&quot;overlay_color&quot;:&quot;#000000&quot;}\" data-ratio=\"1\" data-ratio-direction=\"right\">\n<div style=\"padding: 100px 0\" data-overlay=\"true\" data-overlay-color=\"#000000\" class=\"panel-row-style panel-row-style-for-52-3\">\n<div id=\"pgc-52-3-0\" class=\"panel-grid-cell\" data-weight=\"1\">\n<div id=\"panel-52-3-0-0\" class=\"so-panel widget widget_sow-editor panel-first-child panel-last-child\" data-index=\"4\" data-style=\"{&quot;background_image_attachment&quot;:false,&quot;background_display&quot;:&quot;tile&quot;,&quot;content_alignment&quot;:&quot;left&quot;,&quot;title_color&quot;:&quot;#443f3f&quot;,&quot;headings_color&quot;:&quot;#443f3f&quot;}\">\n<div style=\"text-align: left\" data-title-color=\"#443f3f\" data-headings-color=\"#443f3f\" class=\"panel-widget-style panel-widget-style-for-52-3-0-0\">\n<div class=\"so-widget-sow-editor so-widget-sow-editor-base\">\n<div class=\"siteorigin-widget-tinymce textwidget\">\n<p>Avant de soumettre votre demande, merci de prendre connaissance des dispositions applicables \u00e0 vos donn\u00e9es \u00e0 caract\u00e8re personnel sous la rubrique <a href=\"https:\/\/artal-group.com\/artal\/1236-2\/\">Donn\u00e9es Personnelles<\/a>.<\/p>\n<\/div>\n<\/div>\n<\/div>\n<\/div>\n<\/div>\n<\/div>\n<\/div>\n<\/div>\n<p><\/p>","protected":false},"excerpt":{"rendered":"<p>[siteorigin_widget class=\u00a0\u00bbSiteOrigin_Widget_LayoutSlider_Widget\u00a0\u00bb][\/siteorigin_widget] Contactez Nous [siteorigin_widget class=\u00a0\u00bbSydney_Contact_Info\u00a0\u00bb][\/siteorigin_widget] [siteorigin_widget class=\u00a0\u00bbSydney_Contact_Info\u00a0\u00bb][\/siteorigin_widget] Avant de soumettre votre demande, merci de prendre connaissance des dispositions applicables \u00e0 vos [&hellip;]<\/p>\n","protected":false},"author":1,"featured_media":0,"parent":0,"menu_order":0,"comment_status":"closed","ping_status":"open","template":"page-templates\/page_fullwidth.php","meta":{"ngg_post_thumbnail":0,"footnotes":""},"class_list":["post-52","page","type-page","status-publish","hentry"],"yoast_head":"<!-- This site is optimized with the Yoast SEO plugin v26.7 - https:\/\/yoast.com\/wordpress\/plugins\/seo\/ -->\n<title>- Artal technologies<\/title>\n<meta name=\"robots\" content=\"index, follow, max-snippet:-1, max-image-preview:large, max-video-preview:-1\" \/>\n<link rel=\"canonical\" href=\"https:\/\/artal-group.com\/artal\/52-2\/\" \/>\n<meta property=\"og:locale\" content=\"fr_FR\" \/>\n<meta property=\"og:type\" content=\"article\" \/>\n<meta property=\"og:title\" content=\"- Artal technologies\" \/>\n<meta property=\"og:description\" content=\"[siteorigin_widget class=\u00a0\u00bbSiteOrigin_Widget_LayoutSlider_Widget\u00a0\u00bb][\/siteorigin_widget] Contactez Nous [siteorigin_widget class=\u00a0\u00bbSydney_Contact_Info\u00a0\u00bb][\/siteorigin_widget] [siteorigin_widget class=\u00a0\u00bbSydney_Contact_Info\u00a0\u00bb][\/siteorigin_widget] Avant de soumettre votre demande, merci de prendre connaissance des dispositions applicables \u00e0 vos [&hellip;]\" \/>\n<meta property=\"og:url\" content=\"https:\/\/artal-group.com\/artal\/52-2\/\" \/>\n<meta property=\"og:site_name\" content=\"Artal technologies\" \/>\n<meta property=\"article:modified_time\" content=\"2020-10-28T14:35:40+00:00\" \/>\n<meta name=\"twitter:card\" content=\"summary_large_image\" \/>\n<script type=\"application\/ld+json\" class=\"yoast-schema-graph\">{\"@context\":\"https:\/\/schema.org\",\"@graph\":[{\"@type\":\"WebPage\",\"@id\":\"https:\/\/artal-group.com\/artal\/52-2\/\",\"url\":\"https:\/\/artal-group.com\/artal\/52-2\/\",\"name\":\"- Artal technologies\",\"isPartOf\":{\"@id\":\"https:\/\/artal-group.com\/artal\/#website\"},\"datePublished\":\"2014-02-03T14:34:43+00:00\",\"dateModified\":\"2020-10-28T14:35:40+00:00\",\"inLanguage\":\"fr-FR\",\"potentialAction\":[{\"@type\":\"ReadAction\",\"target\":[\"https:\/\/artal-group.com\/artal\/52-2\/\"]}]},{\"@type\":\"WebSite\",\"@id\":\"https:\/\/artal-group.com\/artal\/#website\",\"url\":\"https:\/\/artal-group.com\/artal\/\",\"name\":\"Artal technologies\",\"description\":\"There&#039;s a connection\",\"potentialAction\":[{\"@type\":\"SearchAction\",\"target\":{\"@type\":\"EntryPoint\",\"urlTemplate\":\"https:\/\/artal-group.com\/artal\/?s={search_term_string}\"},\"query-input\":{\"@type\":\"PropertyValueSpecification\",\"valueRequired\":true,\"valueName\":\"search_term_string\"}}],\"inLanguage\":\"fr-FR\"}]}<\/script>\n<!-- \/ Yoast SEO plugin. -->","yoast_head_json":{"title":"- Artal technologies","robots":{"index":"index","follow":"follow","max-snippet":"max-snippet:-1","max-image-preview":"max-image-preview:large","max-video-preview":"max-video-preview:-1"},"canonical":"https:\/\/artal-group.com\/artal\/52-2\/","og_locale":"fr_FR","og_type":"article","og_title":"- Artal technologies","og_description":"[siteorigin_widget class=\u00a0\u00bbSiteOrigin_Widget_LayoutSlider_Widget\u00a0\u00bb][\/siteorigin_widget] Contactez Nous [siteorigin_widget class=\u00a0\u00bbSydney_Contact_Info\u00a0\u00bb][\/siteorigin_widget] [siteorigin_widget class=\u00a0\u00bbSydney_Contact_Info\u00a0\u00bb][\/siteorigin_widget] Avant de soumettre votre demande, merci de prendre connaissance des dispositions applicables \u00e0 vos [&hellip;]","og_url":"https:\/\/artal-group.com\/artal\/52-2\/","og_site_name":"Artal technologies","article_modified_time":"2020-10-28T14:35:40+00:00","twitter_card":"summary_large_image","schema":{"@context":"https:\/\/schema.org","@graph":[{"@type":"WebPage","@id":"https:\/\/artal-group.com\/artal\/52-2\/","url":"https:\/\/artal-group.com\/artal\/52-2\/","name":"- Artal technologies","isPartOf":{"@id":"https:\/\/artal-group.com\/artal\/#website"},"datePublished":"2014-02-03T14:34:43+00:00","dateModified":"2020-10-28T14:35:40+00:00","inLanguage":"fr-FR","potentialAction":[{"@type":"ReadAction","target":["https:\/\/artal-group.com\/artal\/52-2\/"]}]},{"@type":"WebSite","@id":"https:\/\/artal-group.com\/artal\/#website","url":"https:\/\/artal-group.com\/artal\/","name":"Artal technologies","description":"There&#039;s a connection","potentialAction":[{"@type":"SearchAction","target":{"@type":"EntryPoint","urlTemplate":"https:\/\/artal-group.com\/artal\/?s={search_term_string}"},"query-input":{"@type":"PropertyValueSpecification","valueRequired":true,"valueName":"search_term_string"}}],"inLanguage":"fr-FR"}]}},"_links":{"self":[{"href":"https:\/\/artal-group.com\/artal\/wp-json\/wp\/v2\/pages\/52","targetHints":{"allow":["GET"]}}],"collection":[{"href":"https:\/\/artal-group.com\/artal\/wp-json\/wp\/v2\/pages"}],"about":[{"href":"https:\/\/artal-group.com\/artal\/wp-json\/wp\/v2\/types\/page"}],"author":[{"embeddable":true,"href":"https:\/\/artal-group.com\/artal\/wp-json\/wp\/v2\/users\/1"}],"replies":[{"embeddable":true,"href":"https:\/\/artal-group.com\/artal\/wp-json\/wp\/v2\/comments?post=52"}],"version-history":[{"count":36,"href":"https:\/\/artal-group.com\/artal\/wp-json\/wp\/v2\/pages\/52\/revisions"}],"predecessor-version":[{"id":1254,"href":"https:\/\/artal-group.com\/artal\/wp-json\/wp\/v2\/pages\/52\/revisions\/1254"}],"wp:attachment":[{"href":"https:\/\/artal-group.com\/artal\/wp-json\/wp\/v2\/media?parent=52"}],"curies":[{"name":"wp","href":"https:\/\/api.w.org\/{rel}","templated":true}]}}