{"id":633,"date":"2016-12-05T12:54:13","date_gmt":"2016-12-05T10:54:13","guid":{"rendered":"http:\/\/artal-group.com\/artal\/?page_id=633"},"modified":"2019-04-17T14:35:23","modified_gmt":"2019-04-17T12:35:23","slug":"applications-environnementales","status":"publish","type":"page","link":"https:\/\/artal-group.com\/artal\/nos-projets\/applications-environnementales\/","title":{"rendered":"appli env"},"content":{"rendered":"<div id=\"pl-633\" class=\"panel-layout\">\n<div id=\"pg-633-0\" class=\"panel-grid panel-has-style\">\n<div class=\"siteorigin-panels-stretch panel-row-style panel-row-style-for-633-0\" style=\"padding: 50px 0\">\n<div id=\"pgc-633-0-0\" class=\"panel-grid-cell\">\n<div id=\"panel-633-0-0-0\" class=\"so-panel widget widget_sow-layout-slider panel-first-child panel-last-child\">\n<div style=\"text-align: left\" class=\"panel-widget-style panel-widget-style-for-633-0-0-0\">[siteorigin_widget class=\u00a0\u00bbSiteOrigin_Widget_LayoutSlider_Widget\u00a0\u00bb][\/siteorigin_widget]<\/div>\n<\/div>\n<\/div>\n<\/div>\n<\/div>\n<div id=\"pg-633-1\" class=\"panel-grid panel-has-style\">\n<div class=\"siteorigin-panels-stretch panel-row-style panel-row-style-for-633-1\" style=\"padding: 40px 0\">\n<div id=\"pgc-633-1-0\" class=\"panel-grid-cell\">\n<div id=\"panel-633-1-0-0\" class=\"so-panel widget widget_sow-headline panel-first-child panel-last-child\">\n<div style=\"text-align: left\" class=\"panel-widget-style panel-widget-style-for-633-1-0-0\">[siteorigin_widget class=\u00a0\u00bbSiteOrigin_Widget_Headline_Widget\u00a0\u00bb][\/siteorigin_widget]<\/div>\n<\/div>\n<\/div>\n<\/div>\n<\/div>\n<div id=\"pg-633-2\" class=\"panel-grid panel-has-style\">\n<div class=\"siteorigin-panels-stretch panel-row-style panel-row-style-for-633-2\" style=\"padding: 10px 0\">\n<div id=\"pgc-633-2-0\" class=\"panel-grid-cell\">\n<div id=\"panel-633-2-0-0\" class=\"so-panel widget widget_sow-editor panel-first-child panel-last-child\">\n<div style=\"text-align: center\" class=\"panel-widget-style panel-widget-style-for-633-2-0-0\">\n<div class=\"so-widget-sow-editor so-widget-sow-editor-base\">\n<div class=\"siteorigin-widget-tinymce textwidget\">\n<p align=\"Center|justify\">\n<span style=\"color:#2BAFD8;font-weight: bold\">ARTAL Technologies<\/span> d\u00e9veloppe des solutions d&rsquo;aide \u00e0 la d\u00e9cision pour:<\/p>\n<p>&#8211; piloter votre d\u00e9marche de mani\u00e8re efficace et transversale<br \/>\n&#8211; suivre l\u2019avancement de la d\u00e9marche au jour le jour<br \/>\n&#8211; \u00e9valuer votre d\u00e9marche de fa\u00e7on pr\u00e9cise<br \/>\n&#8211; disposer d\u2019un reporting personnalis\u00e9<br \/>\n&#8211; communiquer efficacement aupr\u00e8s des parties prenantes<\/p>\n<\/div>\n<\/div>\n<\/div>\n<\/div>\n<\/div>\n<\/div>\n<\/div>\n<div id=\"pg-633-3\" class=\"panel-grid panel-has-style\">\n<div class=\"siteorigin-panels-stretch panel-row-style panel-row-style-for-633-3\" style=\"padding: 10px 0\">\n<div id=\"pgc-633-3-0\" class=\"panel-grid-cell\">\n<div id=\"panel-633-3-0-0\" class=\"so-panel widget widget_sow-editor panel-first-child panel-last-child\">\n<div style=\"text-align: right\" class=\"panel-widget-style panel-widget-style-for-633-3-0-0\">\n<div class=\"so-widget-sow-editor so-widget-sow-editor-base\">\n<div class=\"siteorigin-widget-tinymce textwidget\">\n<p align=\"left|justify\">\nSecteur Public:<br \/>\n&#8211; multi-programmes<br \/>\n&#8211; agenda 21<br \/>\n&#8211; plan Climat Energie Territorial<br \/>\n&#8211; politique publique<br \/>\n&#8211; management environnemental<\/p>\n<\/div>\n<\/div>\n<\/div>\n<\/div>\n<\/div>\n<div id=\"pgc-633-3-1\" class=\"panel-grid-cell\">\n<div id=\"panel-633-3-1-0\" class=\"so-panel widget widget_sow-editor panel-first-child panel-last-child\">\n<div style=\"text-align: left\" class=\"panel-widget-style panel-widget-style-for-633-3-1-0\">\n<div class=\"so-widget-sow-editor so-widget-sow-editor-base\">\n<div class=\"siteorigin-widget-tinymce textwidget\">\n<p align=\"left|justify\">\nSecteur Priv\u00e9:<br \/>\n&#8211; responsabilit\u00e9 soci\u00e9tale des entreprises<br \/>\n&#8211; qualit\u00e9 Hygi\u00e8ne S\u00e9curit\u00e9 Environnement<br \/>\n&#8211; management environnemental<\/p>\n<\/div>\n<\/div>\n<\/div>\n<\/div>\n<\/div>\n<\/div>\n<\/div>\n<div id=\"pg-633-4\" class=\"panel-grid panel-has-style\">\n<div class=\"siteorigin-panels-stretch panel-row-style panel-row-style-for-633-4\" style=\"padding: 10px 0\">\n<div id=\"pgc-633-4-0\" class=\"panel-grid-cell\">\n<div id=\"panel-633-4-0-0\" class=\"so-panel widget widget_sow-image panel-first-child panel-last-child\">\n<div style=\"text-align: left\" class=\"panel-widget-style panel-widget-style-for-633-4-0-0\">[siteorigin_widget class=\u00a0\u00bbSiteOrigin_Widget_Image_Widget\u00a0\u00bb][\/siteorigin_widget]<\/div>\n<\/div>\n<\/div>\n<\/div>\n<\/div>\n<\/div>\n<p><\/p>","protected":false},"excerpt":{"rendered":"<p>[siteorigin_widget class=\u00a0\u00bbSiteOrigin_Widget_LayoutSlider_Widget\u00a0\u00bb][\/siteorigin_widget] [siteorigin_widget class=\u00a0\u00bbSiteOrigin_Widget_Headline_Widget\u00a0\u00bb][\/siteorigin_widget] ARTAL Technologies d\u00e9veloppe des solutions d&rsquo;aide \u00e0 la d\u00e9cision pour: &#8211; piloter votre d\u00e9marche de mani\u00e8re efficace et [&hellip;]<\/p>\n","protected":false},"author":6,"featured_media":0,"parent":717,"menu_order":0,"comment_status":"closed","ping_status":"closed","template":"page-templates\/page_fullwidth.php","meta":{"ngg_post_thumbnail":0,"footnotes":""},"class_list":["post-633","page","type-page","status-publish","hentry"],"yoast_head":"<!-- This site is optimized with the Yoast SEO plugin v26.7 - https:\/\/yoast.com\/wordpress\/plugins\/seo\/ -->\n<title>appli env - Artal technologies<\/title>\n<meta name=\"robots\" content=\"index, follow, max-snippet:-1, max-image-preview:large, max-video-preview:-1\" \/>\n<link rel=\"canonical\" href=\"https:\/\/artal-group.com\/artal\/nos-projets\/applications-environnementales\/\" \/>\n<meta property=\"og:locale\" content=\"fr_FR\" \/>\n<meta property=\"og:type\" content=\"article\" \/>\n<meta property=\"og:title\" content=\"appli env - Artal technologies\" \/>\n<meta property=\"og:description\" content=\"[siteorigin_widget class=\u00a0\u00bbSiteOrigin_Widget_LayoutSlider_Widget\u00a0\u00bb][\/siteorigin_widget] [siteorigin_widget class=\u00a0\u00bbSiteOrigin_Widget_Headline_Widget\u00a0\u00bb][\/siteorigin_widget] ARTAL Technologies d\u00e9veloppe des solutions d&rsquo;aide \u00e0 la d\u00e9cision pour: &#8211; piloter votre d\u00e9marche de mani\u00e8re efficace et [&hellip;]\" \/>\n<meta property=\"og:url\" content=\"https:\/\/artal-group.com\/artal\/nos-projets\/applications-environnementales\/\" \/>\n<meta property=\"og:site_name\" content=\"Artal technologies\" \/>\n<meta property=\"article:modified_time\" content=\"2019-04-17T12:35:23+00:00\" \/>\n<meta name=\"twitter:card\" content=\"summary_large_image\" \/>\n<meta name=\"twitter:label1\" content=\"Dur\u00e9e de lecture estim\u00e9e\" \/>\n\t<meta name=\"twitter:data1\" content=\"1 minute\" \/>\n<script type=\"application\/ld+json\" class=\"yoast-schema-graph\">{\"@context\":\"https:\/\/schema.org\",\"@graph\":[{\"@type\":\"WebPage\",\"@id\":\"https:\/\/artal-group.com\/artal\/nos-projets\/applications-environnementales\/\",\"url\":\"https:\/\/artal-group.com\/artal\/nos-projets\/applications-environnementales\/\",\"name\":\"appli env - Artal technologies\",\"isPartOf\":{\"@id\":\"https:\/\/artal-group.com\/artal\/#website\"},\"datePublished\":\"2016-12-05T10:54:13+00:00\",\"dateModified\":\"2019-04-17T12:35:23+00:00\",\"breadcrumb\":{\"@id\":\"https:\/\/artal-group.com\/artal\/nos-projets\/applications-environnementales\/#breadcrumb\"},\"inLanguage\":\"fr-FR\",\"potentialAction\":[{\"@type\":\"ReadAction\",\"target\":[\"https:\/\/artal-group.com\/artal\/nos-projets\/applications-environnementales\/\"]}]},{\"@type\":\"BreadcrumbList\",\"@id\":\"https:\/\/artal-group.com\/artal\/nos-projets\/applications-environnementales\/#breadcrumb\",\"itemListElement\":[{\"@type\":\"ListItem\",\"position\":1,\"name\":\"Accueil\",\"item\":\"https:\/\/artal-group.com\/artal\/\"},{\"@type\":\"ListItem\",\"position\":2,\"name\":\"appli env\"}]},{\"@type\":\"WebSite\",\"@id\":\"https:\/\/artal-group.com\/artal\/#website\",\"url\":\"https:\/\/artal-group.com\/artal\/\",\"name\":\"Artal technologies\",\"description\":\"There&#039;s a connection\",\"potentialAction\":[{\"@type\":\"SearchAction\",\"target\":{\"@type\":\"EntryPoint\",\"urlTemplate\":\"https:\/\/artal-group.com\/artal\/?s={search_term_string}\"},\"query-input\":{\"@type\":\"PropertyValueSpecification\",\"valueRequired\":true,\"valueName\":\"search_term_string\"}}],\"inLanguage\":\"fr-FR\"}]}<\/script>\n<!-- \/ Yoast SEO plugin. -->","yoast_head_json":{"title":"appli env - Artal technologies","robots":{"index":"index","follow":"follow","max-snippet":"max-snippet:-1","max-image-preview":"max-image-preview:large","max-video-preview":"max-video-preview:-1"},"canonical":"https:\/\/artal-group.com\/artal\/nos-projets\/applications-environnementales\/","og_locale":"fr_FR","og_type":"article","og_title":"appli env - Artal technologies","og_description":"[siteorigin_widget class=\u00a0\u00bbSiteOrigin_Widget_LayoutSlider_Widget\u00a0\u00bb][\/siteorigin_widget] [siteorigin_widget class=\u00a0\u00bbSiteOrigin_Widget_Headline_Widget\u00a0\u00bb][\/siteorigin_widget] ARTAL Technologies d\u00e9veloppe des solutions d&rsquo;aide \u00e0 la d\u00e9cision pour: &#8211; piloter votre d\u00e9marche de mani\u00e8re efficace et [&hellip;]","og_url":"https:\/\/artal-group.com\/artal\/nos-projets\/applications-environnementales\/","og_site_name":"Artal technologies","article_modified_time":"2019-04-17T12:35:23+00:00","twitter_card":"summary_large_image","twitter_misc":{"Dur\u00e9e de lecture estim\u00e9e":"1 minute"},"schema":{"@context":"https:\/\/schema.org","@graph":[{"@type":"WebPage","@id":"https:\/\/artal-group.com\/artal\/nos-projets\/applications-environnementales\/","url":"https:\/\/artal-group.com\/artal\/nos-projets\/applications-environnementales\/","name":"appli env - Artal technologies","isPartOf":{"@id":"https:\/\/artal-group.com\/artal\/#website"},"datePublished":"2016-12-05T10:54:13+00:00","dateModified":"2019-04-17T12:35:23+00:00","breadcrumb":{"@id":"https:\/\/artal-group.com\/artal\/nos-projets\/applications-environnementales\/#breadcrumb"},"inLanguage":"fr-FR","potentialAction":[{"@type":"ReadAction","target":["https:\/\/artal-group.com\/artal\/nos-projets\/applications-environnementales\/"]}]},{"@type":"BreadcrumbList","@id":"https:\/\/artal-group.com\/artal\/nos-projets\/applications-environnementales\/#breadcrumb","itemListElement":[{"@type":"ListItem","position":1,"name":"Accueil","item":"https:\/\/artal-group.com\/artal\/"},{"@type":"ListItem","position":2,"name":"appli env"}]},{"@type":"WebSite","@id":"https:\/\/artal-group.com\/artal\/#website","url":"https:\/\/artal-group.com\/artal\/","name":"Artal technologies","description":"There&#039;s a connection","potentialAction":[{"@type":"SearchAction","target":{"@type":"EntryPoint","urlTemplate":"https:\/\/artal-group.com\/artal\/?s={search_term_string}"},"query-input":{"@type":"PropertyValueSpecification","valueRequired":true,"valueName":"search_term_string"}}],"inLanguage":"fr-FR"}]}},"_links":{"self":[{"href":"https:\/\/artal-group.com\/artal\/wp-json\/wp\/v2\/pages\/633","targetHints":{"allow":["GET"]}}],"collection":[{"href":"https:\/\/artal-group.com\/artal\/wp-json\/wp\/v2\/pages"}],"about":[{"href":"https:\/\/artal-group.com\/artal\/wp-json\/wp\/v2\/types\/page"}],"author":[{"embeddable":true,"href":"https:\/\/artal-group.com\/artal\/wp-json\/wp\/v2\/users\/6"}],"replies":[{"embeddable":true,"href":"https:\/\/artal-group.com\/artal\/wp-json\/wp\/v2\/comments?post=633"}],"version-history":[{"count":9,"href":"https:\/\/artal-group.com\/artal\/wp-json\/wp\/v2\/pages\/633\/revisions"}],"predecessor-version":[{"id":1037,"href":"https:\/\/artal-group.com\/artal\/wp-json\/wp\/v2\/pages\/633\/revisions\/1037"}],"up":[{"embeddable":true,"href":"https:\/\/artal-group.com\/artal\/wp-json\/wp\/v2\/pages\/717"}],"wp:attachment":[{"href":"https:\/\/artal-group.com\/artal\/wp-json\/wp\/v2\/media?parent=633"}],"curies":[{"name":"wp","href":"https:\/\/api.w.org\/{rel}","templated":true}]}}