{"id":703,"date":"2016-12-06T20:45:14","date_gmt":"2016-12-06T18:45:14","guid":{"rendered":"http:\/\/artal-group.com\/artal\/?page_id=703"},"modified":"2019-04-18T11:39:37","modified_gmt":"2019-04-18T09:39:37","slug":"nos-offres","status":"publish","type":"page","link":"https:\/\/artal-group.com\/artal\/nos-offres\/","title":{"rendered":""},"content":{"rendered":"<div id=\"pl-703\" class=\"panel-layout\">\n<div id=\"pg-703-0\" class=\"panel-grid panel-has-style\">\n<div class=\"siteorigin-panels-stretch panel-row-style panel-row-style-for-703-0\" style=\"padding: 50px 0\">\n<div id=\"pgc-703-0-0\" class=\"panel-grid-cell\">\n<div id=\"panel-703-0-0-0\" class=\"so-panel widget widget_sow-layout-slider panel-first-child panel-last-child\">\n<div style=\"text-align: left\" class=\"panel-widget-style panel-widget-style-for-703-0-0-0\">[siteorigin_widget class=\u00a0\u00bbSiteOrigin_Widget_LayoutSlider_Widget\u00a0\u00bb][\/siteorigin_widget]<\/div>\n<\/div>\n<\/div>\n<\/div>\n<\/div>\n<div id=\"pg-703-1\" class=\"panel-grid panel-has-style\">\n<div class=\"siteorigin-panels-stretch panel-row-style panel-row-style-for-703-1\" style=\"padding: 40px 0\">\n<div id=\"pgc-703-1-0\" class=\"panel-grid-cell\">\n<div id=\"panel-703-1-0-0\" class=\"so-panel widget widget_sow-headline panel-first-child panel-last-child\">\n<div style=\"text-align: left\" class=\"panel-widget-style panel-widget-style-for-703-1-0-0\">[siteorigin_widget class=\u00a0\u00bbSiteOrigin_Widget_Headline_Widget\u00a0\u00bb][\/siteorigin_widget]<\/div>\n<\/div>\n<\/div>\n<\/div>\n<\/div>\n<div id=\"pg-703-2\" class=\"panel-grid panel-has-style\">\n<div class=\"siteorigin-panels-stretch panel-row-style panel-row-style-for-703-2\" style=\"padding: 10px 0\">\n<div id=\"pgc-703-2-0\" class=\"panel-grid-cell\">\n<div id=\"panel-703-2-0-0\" class=\"so-panel widget widget_sow-icon panel-first-child\">\n<div style=\"text-align: left\" class=\"panel-widget-style panel-widget-style-for-703-2-0-0\">[siteorigin_widget class=\u00a0\u00bbSiteOrigin_Widget_Icon_Widget\u00a0\u00bb][\/siteorigin_widget]<\/div>\n<\/div>\n<div id=\"panel-703-2-0-1\" class=\"so-panel widget widget_sow-editor panel-last-child\">\n<div style=\"text-align: center\" class=\"panel-widget-style panel-widget-style-for-703-2-0-1\">\n<div class=\"so-widget-sow-editor so-widget-sow-editor-base\">\n<div class=\"siteorigin-widget-tinymce textwidget\">\n<p align=\"center|justify\">Produits et Solutions<\/p>\n<\/div>\n<\/div>\n<\/div>\n<\/div>\n<\/div>\n<div id=\"pgc-703-2-1\" class=\"panel-grid-cell\">\n<div id=\"panel-703-2-1-0\" class=\"so-panel widget widget_sow-icon panel-first-child\">\n<div style=\"text-align: left\" class=\"panel-widget-style panel-widget-style-for-703-2-1-0\">[siteorigin_widget class=\u00a0\u00bbSiteOrigin_Widget_Icon_Widget\u00a0\u00bb][\/siteorigin_widget]<\/div>\n<\/div>\n<div id=\"panel-703-2-1-1\" class=\"so-panel widget widget_sow-editor panel-last-child\">\n<div style=\"text-align: center\" class=\"panel-widget-style panel-widget-style-for-703-2-1-1\">\n<div class=\"so-widget-sow-editor so-widget-sow-editor-base\">\n<div class=\"siteorigin-widget-tinymce textwidget\">\n<p align=\"center|justify\">Tierce Maintenance Applicative<\/p>\n<\/div>\n<\/div>\n<\/div>\n<\/div>\n<\/div>\n<div id=\"pgc-703-2-2\" class=\"panel-grid-cell\">\n<div id=\"panel-703-2-2-0\" class=\"so-panel widget widget_sow-icon panel-first-child\">\n<div style=\"text-align: left\" class=\"panel-widget-style panel-widget-style-for-703-2-2-0\">[siteorigin_widget class=\u00a0\u00bbSiteOrigin_Widget_Icon_Widget\u00a0\u00bb][\/siteorigin_widget]<\/div>\n<\/div>\n<div id=\"panel-703-2-2-1\" class=\"so-panel widget widget_sow-editor panel-last-child\">\n<div style=\"text-align: center\" class=\"panel-widget-style panel-widget-style-for-703-2-2-1\">\n<div class=\"so-widget-sow-editor so-widget-sow-editor-base\">\n<div class=\"siteorigin-widget-tinymce textwidget\">\n<p align=\"center|justify\">Maintien en Condition Op\u00e9rationnelle<\/p>\n<\/div>\n<\/div>\n<\/div>\n<\/div>\n<\/div>\n<\/div>\n<\/div>\n<div id=\"pg-703-3\" class=\"panel-grid panel-has-style\">\n<div class=\"siteorigin-panels-stretch panel-row-style panel-row-style-for-703-3\" style=\"padding: 10px 0\">\n<div id=\"pgc-703-3-0\" class=\"panel-grid-cell panel-grid-cell-empty\"><\/div>\n<div id=\"pgc-703-3-1\" class=\"panel-grid-cell\">\n<div id=\"panel-703-3-1-0\" class=\"so-panel widget widget_sow-icon panel-first-child\">\n<div style=\"text-align: left\" class=\"panel-widget-style panel-widget-style-for-703-3-1-0\">[siteorigin_widget class=\u00a0\u00bbSiteOrigin_Widget_Icon_Widget\u00a0\u00bb][\/siteorigin_widget]<\/div>\n<\/div>\n<div id=\"panel-703-3-1-1\" class=\"so-panel widget widget_sow-editor panel-last-child\">\n<div style=\"text-align: center\" class=\"panel-widget-style panel-widget-style-for-703-3-1-1\">\n<div class=\"so-widget-sow-editor so-widget-sow-editor-base\">\n<div class=\"siteorigin-widget-tinymce textwidget\">\n<p align=\"center|justify\">D\u00e9veloppement et Int\u00e9gration de Syst\u00e8mes<\/p>\n<\/div>\n<\/div>\n<\/div>\n<\/div>\n<\/div>\n<div id=\"pgc-703-3-2\" class=\"panel-grid-cell panel-grid-cell-mobile-last\">\n<div id=\"panel-703-3-2-0\" class=\"so-panel widget widget_sow-icon panel-first-child\">\n<div style=\"text-align: left\" class=\"panel-widget-style panel-widget-style-for-703-3-2-0\">[siteorigin_widget class=\u00a0\u00bbSiteOrigin_Widget_Icon_Widget\u00a0\u00bb][\/siteorigin_widget]<\/div>\n<\/div>\n<div id=\"panel-703-3-2-1\" class=\"so-panel widget widget_sow-editor panel-last-child\">\n<div style=\"text-align: center\" class=\"panel-widget-style panel-widget-style-for-703-3-2-1\">\n<div class=\"so-widget-sow-editor so-widget-sow-editor-base\">\n<div class=\"siteorigin-widget-tinymce textwidget\">\n<p align=\"center|justify\">\u00c9tudes et Prototypes<\/p>\n<\/div>\n<\/div>\n<\/div>\n<\/div>\n<\/div>\n<div id=\"pgc-703-3-3\" class=\"panel-grid-cell panel-grid-cell-empty\"><\/div>\n<\/div>\n<\/div>\n<div id=\"pg-703-4\" class=\"panel-grid panel-has-style\">\n<div style=\"padding: 100px 0\" class=\"panel-row-style panel-row-style-for-703-4\">\n<div id=\"pgc-703-4-0\" class=\"panel-grid-cell\">\n<div id=\"panel-703-4-0-0\" class=\"so-panel widget widget_sow-icon panel-first-child panel-last-child\">\n<div style=\"text-align: left\" class=\"panel-widget-style panel-widget-style-for-703-4-0-0\">[siteorigin_widget class=\u00a0\u00bbSiteOrigin_Widget_Icon_Widget\u00a0\u00bb][\/siteorigin_widget]<\/div>\n<\/div>\n<\/div>\n<div id=\"pgc-703-4-1\" class=\"panel-grid-cell\">\n<div id=\"panel-703-4-1-0\" class=\"so-panel widget widget_sow-editor panel-first-child panel-last-child\">\n<div style=\"text-align: left\" class=\"panel-widget-style panel-widget-style-for-703-4-1-0\">\n<div class=\"so-widget-sow-editor so-widget-sow-editor-base\">\n<h3 class=\"widget-title\">Produits et Solutions<\/h3>\n<div class=\"siteorigin-widget-tinymce textwidget\">\n<p align=\"left|justify\">L\u2019investissement en R&amp;D a toujours fait partie int\u00e9grante de la strat\u00e9gie d\u2019ARTAL Technologies, ce qui nous permet en tant que PME de gagner des projets ambitieux face \u00e0 des fournisseurs parfois de taille bien sup\u00e9rieure. En capitalisant notre exp\u00e9rience et en d\u00e9veloppant des programmes de R&amp;D sp\u00e9cifiques, nous b\u00e2tissons des solutions compl\u00e8tes pour les besoins de nos clients et proposons des produits de marque ARTAL Technologies.<\/p>\n<\/div>\n<\/div>\n<\/div>\n<\/div>\n<\/div>\n<\/div>\n<\/div>\n<div id=\"pg-703-5\" class=\"panel-grid panel-has-style\">\n<div class=\"siteorigin-panels-stretch panel-row-style panel-row-style-for-703-5\" style=\"padding: 100px 0\">\n<div id=\"pgc-703-5-0\" class=\"panel-grid-cell\">\n<div id=\"panel-703-5-0-0\" class=\"so-panel widget widget_sow-editor panel-first-child panel-last-child\">\n<div style=\"text-align: left\" class=\"panel-widget-style panel-widget-style-for-703-5-0-0\">\n<div class=\"so-widget-sow-editor so-widget-sow-editor-base\">\n<h3 class=\"widget-title\">D\u00e9veloppement et Int\u00e9gration de Syst\u00e8mes<\/h3>\n<div class=\"siteorigin-widget-tinymce textwidget\">\n<p align=\"left|justify\">Depuis la cr\u00e9ation de l\u2019entreprise, nous avons r\u00e9alis\u00e9 des centaines de projets de d\u00e9veloppement logiciel ou d\u2019int\u00e9gration de syst\u00e8mes complexes, en nous appuyant sur une d\u00e9marche qualit\u00e9 et une m\u00e9thodologie projet \u00e9prouv\u00e9es.<\/p>\n<\/div>\n<\/div>\n<\/div>\n<\/div>\n<\/div>\n<div id=\"pgc-703-5-1\" class=\"panel-grid-cell\">\n<div id=\"panel-703-5-1-0\" class=\"so-panel widget widget_sow-icon panel-first-child panel-last-child\">\n<div style=\"text-align: left\" class=\"panel-widget-style panel-widget-style-for-703-5-1-0\">[siteorigin_widget class=\u00a0\u00bbSiteOrigin_Widget_Icon_Widget\u00a0\u00bb][\/siteorigin_widget]<\/div>\n<\/div>\n<\/div>\n<\/div>\n<\/div>\n<div id=\"pg-703-6\" class=\"panel-grid panel-has-style\">\n<div style=\"padding: 100px 0\" class=\"panel-row-style panel-row-style-for-703-6\">\n<div id=\"pgc-703-6-0\" class=\"panel-grid-cell\">\n<div id=\"panel-703-6-0-0\" class=\"so-panel widget widget_sow-icon panel-first-child panel-last-child\">\n<div style=\"text-align: left\" class=\"panel-widget-style panel-widget-style-for-703-6-0-0\">[siteorigin_widget class=\u00a0\u00bbSiteOrigin_Widget_Icon_Widget\u00a0\u00bb][\/siteorigin_widget]<\/div>\n<\/div>\n<\/div>\n<div id=\"pgc-703-6-1\" class=\"panel-grid-cell\">\n<div id=\"panel-703-6-1-0\" class=\"so-panel widget widget_sow-editor panel-first-child panel-last-child\">\n<div style=\"text-align: left\" class=\"panel-widget-style panel-widget-style-for-703-6-1-0\">\n<div class=\"so-widget-sow-editor so-widget-sow-editor-base\">\n<h3 class=\"widget-title\">Tierce Maintenance Applicative<\/h3>\n<div class=\"siteorigin-widget-tinymce textwidget\">\n<p align=\"left|justify\">La Tierce Maintenance Applicative (TMA) constitue une offre strat\u00e9gique d&rsquo;ARTAL technologies. En fonction de la nature de vos projets, ARTAL Technologies peut vous proposer soit des TMA mutualis\u00e9es ou d\u00e9di\u00e9es dans ses locaux soit des TMA d\u00e9di\u00e9es sur vos sites.\n<\/p>\n<\/div>\n<\/div>\n<\/div>\n<\/div>\n<\/div>\n<\/div>\n<\/div>\n<div id=\"pg-703-7\" class=\"panel-grid panel-has-style\">\n<div class=\"siteorigin-panels-stretch panel-row-style panel-row-style-for-703-7\" style=\"padding: 100px 0\">\n<div id=\"pgc-703-7-0\" class=\"panel-grid-cell\">\n<div id=\"panel-703-7-0-0\" class=\"so-panel widget widget_sow-editor panel-first-child panel-last-child\">\n<div style=\"text-align: left\" class=\"panel-widget-style panel-widget-style-for-703-7-0-0\">\n<div class=\"so-widget-sow-editor so-widget-sow-editor-base\">\n<h3 class=\"widget-title\">Etude et Prototypes<\/h3>\n<div class=\"siteorigin-widget-tinymce textwidget\">\n<p align=\"left|justify\">Nous avons des experts en math\u00e9matiques, physique, sciences informatiques ou traitement d\u2019images\u2026 qui peuvent r\u00e9aliser des \u00e9tudes techniques et scientifiques de haut-niveau dans divers domaines allant du concept au prototypage.\n<\/p>\n<\/div>\n<\/div>\n<\/div>\n<\/div>\n<\/div>\n<div id=\"pgc-703-7-1\" class=\"panel-grid-cell\">\n<div id=\"panel-703-7-1-0\" class=\"so-panel widget widget_sow-icon panel-first-child panel-last-child\">\n<div style=\"text-align: left\" class=\"panel-widget-style panel-widget-style-for-703-7-1-0\">[siteorigin_widget class=\u00a0\u00bbSiteOrigin_Widget_Icon_Widget\u00a0\u00bb][\/siteorigin_widget]<\/div>\n<\/div>\n<\/div>\n<\/div>\n<\/div>\n<div id=\"pg-703-8\" class=\"panel-grid panel-has-style\">\n<div style=\"padding: 100px 0\" class=\"panel-row-style panel-row-style-for-703-8\">\n<div id=\"pgc-703-8-0\" class=\"panel-grid-cell\">\n<div id=\"panel-703-8-0-0\" class=\"so-panel widget widget_sow-icon panel-first-child panel-last-child\">\n<div style=\"text-align: left\" class=\"panel-widget-style panel-widget-style-for-703-8-0-0\">[siteorigin_widget class=\u00a0\u00bbSiteOrigin_Widget_Icon_Widget\u00a0\u00bb][\/siteorigin_widget]<\/div>\n<\/div>\n<\/div>\n<div id=\"pgc-703-8-1\" class=\"panel-grid-cell\">\n<div id=\"panel-703-8-1-0\" class=\"so-panel widget widget_sow-editor panel-first-child panel-last-child\">\n<div style=\"text-align: left\" class=\"panel-widget-style panel-widget-style-for-703-8-1-0\">\n<div class=\"so-widget-sow-editor so-widget-sow-editor-base\">\n<h3 class=\"widget-title\">Maintien en Condition Op\u00e9rationnelle<\/h3>\n<div class=\"siteorigin-widget-tinymce textwidget\">\n<p align=\"left|justify\">Afin d&rsquo;assurer la disponibilit\u00e9 et le support de vos applications au quotidien, ARTAL Technologies propose des solutions Maintien en Condition Op\u00e9rationnelle (MCO), respectant les m\u00e9thodes et process de nos clients mais \u00e9galement les \u00ab Best Practices\u00bb de ce domaine.\n<\/p>\n<\/div>\n<\/div>\n<\/div>\n<\/div>\n<\/div>\n<\/div>\n<\/div>\n<\/div>\n<p><\/p>","protected":false},"excerpt":{"rendered":"<p>[siteorigin_widget class=\u00a0\u00bbSiteOrigin_Widget_LayoutSlider_Widget\u00a0\u00bb][\/siteorigin_widget] [siteorigin_widget class=\u00a0\u00bbSiteOrigin_Widget_Headline_Widget\u00a0\u00bb][\/siteorigin_widget] [siteorigin_widget class=\u00a0\u00bbSiteOrigin_Widget_Icon_Widget\u00a0\u00bb][\/siteorigin_widget] Produits et Solutions [siteorigin_widget class=\u00a0\u00bbSiteOrigin_Widget_Icon_Widget\u00a0\u00bb][\/siteorigin_widget] Tierce Maintenance Applicative [siteorigin_widget class=\u00a0\u00bbSiteOrigin_Widget_Icon_Widget\u00a0\u00bb][\/siteorigin_widget] Maintien en Condition Op\u00e9rationnelle [siteorigin_widget class=\u00a0\u00bbSiteOrigin_Widget_Icon_Widget\u00a0\u00bb][\/siteorigin_widget] [&hellip;]<\/p>\n","protected":false},"author":6,"featured_media":0,"parent":0,"menu_order":0,"comment_status":"closed","ping_status":"closed","template":"page-templates\/page_fullwidth.php","meta":{"ngg_post_thumbnail":0,"footnotes":""},"class_list":["post-703","page","type-page","status-publish","hentry"],"yoast_head":"<!-- This site is optimized with the Yoast SEO plugin v26.7 - https:\/\/yoast.com\/wordpress\/plugins\/seo\/ -->\n<title>- Artal technologies<\/title>\n<meta name=\"robots\" content=\"index, follow, max-snippet:-1, max-image-preview:large, max-video-preview:-1\" \/>\n<link rel=\"canonical\" href=\"https:\/\/artal-group.com\/artal\/nos-offres\/\" \/>\n<meta property=\"og:locale\" content=\"fr_FR\" \/>\n<meta property=\"og:type\" content=\"article\" \/>\n<meta property=\"og:title\" content=\"- Artal technologies\" \/>\n<meta property=\"og:description\" content=\"[siteorigin_widget class=\u00a0\u00bbSiteOrigin_Widget_LayoutSlider_Widget\u00a0\u00bb][\/siteorigin_widget] [siteorigin_widget class=\u00a0\u00bbSiteOrigin_Widget_Headline_Widget\u00a0\u00bb][\/siteorigin_widget] [siteorigin_widget class=\u00a0\u00bbSiteOrigin_Widget_Icon_Widget\u00a0\u00bb][\/siteorigin_widget] Produits et Solutions [siteorigin_widget class=\u00a0\u00bbSiteOrigin_Widget_Icon_Widget\u00a0\u00bb][\/siteorigin_widget] Tierce Maintenance Applicative [siteorigin_widget class=\u00a0\u00bbSiteOrigin_Widget_Icon_Widget\u00a0\u00bb][\/siteorigin_widget] Maintien en Condition Op\u00e9rationnelle [siteorigin_widget class=\u00a0\u00bbSiteOrigin_Widget_Icon_Widget\u00a0\u00bb][\/siteorigin_widget] [&hellip;]\" \/>\n<meta property=\"og:url\" content=\"https:\/\/artal-group.com\/artal\/nos-offres\/\" \/>\n<meta property=\"og:site_name\" content=\"Artal technologies\" \/>\n<meta property=\"article:modified_time\" content=\"2019-04-18T09:39:37+00:00\" \/>\n<meta name=\"twitter:card\" content=\"summary_large_image\" \/>\n<meta name=\"twitter:label1\" content=\"Dur\u00e9e de lecture estim\u00e9e\" \/>\n\t<meta name=\"twitter:data1\" content=\"2 minutes\" \/>\n<script type=\"application\/ld+json\" class=\"yoast-schema-graph\">{\"@context\":\"https:\/\/schema.org\",\"@graph\":[{\"@type\":\"WebPage\",\"@id\":\"https:\/\/artal-group.com\/artal\/nos-offres\/\",\"url\":\"https:\/\/artal-group.com\/artal\/nos-offres\/\",\"name\":\"- Artal technologies\",\"isPartOf\":{\"@id\":\"https:\/\/artal-group.com\/artal\/#website\"},\"datePublished\":\"2016-12-06T18:45:14+00:00\",\"dateModified\":\"2019-04-18T09:39:37+00:00\",\"inLanguage\":\"fr-FR\",\"potentialAction\":[{\"@type\":\"ReadAction\",\"target\":[\"https:\/\/artal-group.com\/artal\/nos-offres\/\"]}]},{\"@type\":\"WebSite\",\"@id\":\"https:\/\/artal-group.com\/artal\/#website\",\"url\":\"https:\/\/artal-group.com\/artal\/\",\"name\":\"Artal technologies\",\"description\":\"There&#039;s a connection\",\"potentialAction\":[{\"@type\":\"SearchAction\",\"target\":{\"@type\":\"EntryPoint\",\"urlTemplate\":\"https:\/\/artal-group.com\/artal\/?s={search_term_string}\"},\"query-input\":{\"@type\":\"PropertyValueSpecification\",\"valueRequired\":true,\"valueName\":\"search_term_string\"}}],\"inLanguage\":\"fr-FR\"}]}<\/script>\n<!-- \/ Yoast SEO plugin. -->","yoast_head_json":{"title":"- Artal technologies","robots":{"index":"index","follow":"follow","max-snippet":"max-snippet:-1","max-image-preview":"max-image-preview:large","max-video-preview":"max-video-preview:-1"},"canonical":"https:\/\/artal-group.com\/artal\/nos-offres\/","og_locale":"fr_FR","og_type":"article","og_title":"- Artal technologies","og_description":"[siteorigin_widget class=\u00a0\u00bbSiteOrigin_Widget_LayoutSlider_Widget\u00a0\u00bb][\/siteorigin_widget] [siteorigin_widget class=\u00a0\u00bbSiteOrigin_Widget_Headline_Widget\u00a0\u00bb][\/siteorigin_widget] [siteorigin_widget class=\u00a0\u00bbSiteOrigin_Widget_Icon_Widget\u00a0\u00bb][\/siteorigin_widget] Produits et Solutions [siteorigin_widget class=\u00a0\u00bbSiteOrigin_Widget_Icon_Widget\u00a0\u00bb][\/siteorigin_widget] Tierce Maintenance Applicative [siteorigin_widget class=\u00a0\u00bbSiteOrigin_Widget_Icon_Widget\u00a0\u00bb][\/siteorigin_widget] Maintien en Condition Op\u00e9rationnelle [siteorigin_widget class=\u00a0\u00bbSiteOrigin_Widget_Icon_Widget\u00a0\u00bb][\/siteorigin_widget] [&hellip;]","og_url":"https:\/\/artal-group.com\/artal\/nos-offres\/","og_site_name":"Artal technologies","article_modified_time":"2019-04-18T09:39:37+00:00","twitter_card":"summary_large_image","twitter_misc":{"Dur\u00e9e de lecture estim\u00e9e":"2 minutes"},"schema":{"@context":"https:\/\/schema.org","@graph":[{"@type":"WebPage","@id":"https:\/\/artal-group.com\/artal\/nos-offres\/","url":"https:\/\/artal-group.com\/artal\/nos-offres\/","name":"- Artal technologies","isPartOf":{"@id":"https:\/\/artal-group.com\/artal\/#website"},"datePublished":"2016-12-06T18:45:14+00:00","dateModified":"2019-04-18T09:39:37+00:00","inLanguage":"fr-FR","potentialAction":[{"@type":"ReadAction","target":["https:\/\/artal-group.com\/artal\/nos-offres\/"]}]},{"@type":"WebSite","@id":"https:\/\/artal-group.com\/artal\/#website","url":"https:\/\/artal-group.com\/artal\/","name":"Artal technologies","description":"There&#039;s a connection","potentialAction":[{"@type":"SearchAction","target":{"@type":"EntryPoint","urlTemplate":"https:\/\/artal-group.com\/artal\/?s={search_term_string}"},"query-input":{"@type":"PropertyValueSpecification","valueRequired":true,"valueName":"search_term_string"}}],"inLanguage":"fr-FR"}]}},"_links":{"self":[{"href":"https:\/\/artal-group.com\/artal\/wp-json\/wp\/v2\/pages\/703","targetHints":{"allow":["GET"]}}],"collection":[{"href":"https:\/\/artal-group.com\/artal\/wp-json\/wp\/v2\/pages"}],"about":[{"href":"https:\/\/artal-group.com\/artal\/wp-json\/wp\/v2\/types\/page"}],"author":[{"embeddable":true,"href":"https:\/\/artal-group.com\/artal\/wp-json\/wp\/v2\/users\/6"}],"replies":[{"embeddable":true,"href":"https:\/\/artal-group.com\/artal\/wp-json\/wp\/v2\/comments?post=703"}],"version-history":[{"count":17,"href":"https:\/\/artal-group.com\/artal\/wp-json\/wp\/v2\/pages\/703\/revisions"}],"predecessor-version":[{"id":1069,"href":"https:\/\/artal-group.com\/artal\/wp-json\/wp\/v2\/pages\/703\/revisions\/1069"}],"wp:attachment":[{"href":"https:\/\/artal-group.com\/artal\/wp-json\/wp\/v2\/media?parent=703"}],"curies":[{"name":"wp","href":"https:\/\/api.w.org\/{rel}","templated":true}]}}