{"id":911,"date":"2017-01-27T17:21:37","date_gmt":"2017-01-27T15:21:37","guid":{"rendered":"http:\/\/artal-group.com\/artal\/?page_id=911"},"modified":"2019-04-17T14:36:28","modified_gmt":"2019-04-17T12:36:28","slug":"demeter","status":"publish","type":"page","link":"https:\/\/artal-group.com\/artal\/nos-projets\/demeter\/","title":{"rendered":"demeter"},"content":{"rendered":"<div id=\"pl-911\" class=\"panel-layout\">\n<div id=\"pg-911-0\" class=\"panel-grid panel-has-style\">\n<div class=\"siteorigin-panels-stretch panel-row-style panel-row-style-for-911-0\" style=\"padding: 50px 0\">\n<div id=\"pgc-911-0-0\" class=\"panel-grid-cell\">\n<div id=\"panel-911-0-0-0\" class=\"so-panel widget widget_sow-layout-slider panel-first-child panel-last-child\">\n<div style=\"text-align: left\" class=\"panel-widget-style panel-widget-style-for-911-0-0-0\">[siteorigin_widget class=\u00a0\u00bbSiteOrigin_Widget_LayoutSlider_Widget\u00a0\u00bb][\/siteorigin_widget]<\/div>\n<\/div>\n<\/div>\n<\/div>\n<\/div>\n<div id=\"pg-911-1\" class=\"panel-grid panel-has-style\">\n<div class=\"siteorigin-panels-stretch panel-row-style panel-row-style-for-911-1\" style=\"padding: 40px 0\">\n<div id=\"pgc-911-1-0\" class=\"panel-grid-cell\">\n<div id=\"panel-911-1-0-0\" class=\"so-panel widget widget_sow-headline panel-first-child panel-last-child\">\n<div style=\"text-align: left\" class=\"panel-widget-style panel-widget-style-for-911-1-0-0\">[siteorigin_widget class=\u00a0\u00bbSiteOrigin_Widget_Headline_Widget\u00a0\u00bb][\/siteorigin_widget]<\/div>\n<\/div>\n<\/div>\n<\/div>\n<\/div>\n<div id=\"pg-911-2\" class=\"panel-grid panel-has-style\">\n<div class=\"siteorigin-panels-stretch panel-row-style panel-row-style-for-911-2\" style=\"padding: 10px 0\">\n<div id=\"pgc-911-2-0\" class=\"panel-grid-cell\">\n<div id=\"panel-911-2-0-0\" class=\"so-panel widget widget_sow-editor panel-first-child\">\n<div style=\"text-align: left\" class=\"panel-widget-style panel-widget-style-for-911-2-0-0\">\n<div class=\"so-widget-sow-editor so-widget-sow-editor-base\">\n<div class=\"siteorigin-widget-tinymce textwidget\">\n<p align=\"left|justify\"><span style=\"color: #2bafd8;font-weight: bold\">ARTAL Technologies<\/span> a d\u00e9velopp\u00e9 la solution DeMeTer (D\u00e9marche Mobile Terre et R\u00e9seaux) qui permet :<\/p>\n<p>&#8211; de mettre \u00e0 disposition des agriculteurs un service num\u00e9rique mutualis\u00e9 d\u2019historisation et de consultation de donn\u00e9es parcellaires g\u00e9o-r\u00e9f\u00e9renc\u00e9es.<br \/>\n&#8211; aux agriculteurs d\u2019acc\u00e9der directement aux informations sur leurs smartphones depuis leurs exploitations.<\/p>\n<p>Solution con\u00e7ue sur:<br \/>\n&#8211; une plate-forme de services Web : acc\u00e8s aux donn\u00e9es G\u00e9or\u00e9f\u00e9renc\u00e9es via standards Web OGC (WFS,WMS).<br \/>\n&#8211; un client Web mobile via jQuery Mobile et OpenLayers<\/p><\/div>\n<\/div>\n<\/div>\n<\/div>\n<div id=\"panel-911-2-0-1\" class=\"so-panel widget widget_sow-image panel-last-child\">\n<div style=\"text-align: center\" class=\"panel-widget-style panel-widget-style-for-911-2-0-1\">[siteorigin_widget class=\u00a0\u00bbSiteOrigin_Widget_Image_Widget\u00a0\u00bb][\/siteorigin_widget]<\/div>\n<\/div>\n<\/div>\n<\/div>\n<\/div>\n<\/div>\n<p><\/p>","protected":false},"excerpt":{"rendered":"<p>[siteorigin_widget class=\u00a0\u00bbSiteOrigin_Widget_LayoutSlider_Widget\u00a0\u00bb][\/siteorigin_widget] [siteorigin_widget class=\u00a0\u00bbSiteOrigin_Widget_Headline_Widget\u00a0\u00bb][\/siteorigin_widget] ARTAL Technologies a d\u00e9velopp\u00e9 la solution DeMeTer (D\u00e9marche Mobile Terre et R\u00e9seaux) qui permet : &#8211; de mettre [&hellip;]<\/p>\n","protected":false},"author":6,"featured_media":0,"parent":717,"menu_order":0,"comment_status":"closed","ping_status":"closed","template":"page-templates\/page_fullwidth.php","meta":{"ngg_post_thumbnail":0,"footnotes":""},"class_list":["post-911","page","type-page","status-publish","hentry"],"yoast_head":"<!-- This site is optimized with the Yoast SEO plugin v26.7 - https:\/\/yoast.com\/wordpress\/plugins\/seo\/ -->\n<title>demeter - Artal technologies<\/title>\n<meta name=\"robots\" content=\"index, follow, max-snippet:-1, max-image-preview:large, max-video-preview:-1\" \/>\n<link rel=\"canonical\" href=\"https:\/\/artal-group.com\/artal\/nos-projets\/demeter\/\" \/>\n<meta property=\"og:locale\" content=\"fr_FR\" \/>\n<meta property=\"og:type\" content=\"article\" \/>\n<meta property=\"og:title\" content=\"demeter - Artal technologies\" \/>\n<meta property=\"og:description\" content=\"[siteorigin_widget class=\u00a0\u00bbSiteOrigin_Widget_LayoutSlider_Widget\u00a0\u00bb][\/siteorigin_widget] [siteorigin_widget class=\u00a0\u00bbSiteOrigin_Widget_Headline_Widget\u00a0\u00bb][\/siteorigin_widget] ARTAL Technologies a d\u00e9velopp\u00e9 la solution DeMeTer (D\u00e9marche Mobile Terre et R\u00e9seaux) qui permet : &#8211; de mettre [&hellip;]\" \/>\n<meta property=\"og:url\" content=\"https:\/\/artal-group.com\/artal\/nos-projets\/demeter\/\" \/>\n<meta property=\"og:site_name\" content=\"Artal technologies\" \/>\n<meta property=\"article:modified_time\" content=\"2019-04-17T12:36:28+00:00\" \/>\n<meta name=\"twitter:card\" content=\"summary_large_image\" \/>\n<meta name=\"twitter:label1\" content=\"Dur\u00e9e de lecture estim\u00e9e\" \/>\n\t<meta name=\"twitter:data1\" content=\"1 minute\" \/>\n<script type=\"application\/ld+json\" class=\"yoast-schema-graph\">{\"@context\":\"https:\/\/schema.org\",\"@graph\":[{\"@type\":\"WebPage\",\"@id\":\"https:\/\/artal-group.com\/artal\/nos-projets\/demeter\/\",\"url\":\"https:\/\/artal-group.com\/artal\/nos-projets\/demeter\/\",\"name\":\"demeter - Artal technologies\",\"isPartOf\":{\"@id\":\"https:\/\/artal-group.com\/artal\/#website\"},\"datePublished\":\"2017-01-27T15:21:37+00:00\",\"dateModified\":\"2019-04-17T12:36:28+00:00\",\"breadcrumb\":{\"@id\":\"https:\/\/artal-group.com\/artal\/nos-projets\/demeter\/#breadcrumb\"},\"inLanguage\":\"fr-FR\",\"potentialAction\":[{\"@type\":\"ReadAction\",\"target\":[\"https:\/\/artal-group.com\/artal\/nos-projets\/demeter\/\"]}]},{\"@type\":\"BreadcrumbList\",\"@id\":\"https:\/\/artal-group.com\/artal\/nos-projets\/demeter\/#breadcrumb\",\"itemListElement\":[{\"@type\":\"ListItem\",\"position\":1,\"name\":\"Accueil\",\"item\":\"https:\/\/artal-group.com\/artal\/\"},{\"@type\":\"ListItem\",\"position\":2,\"name\":\"demeter\"}]},{\"@type\":\"WebSite\",\"@id\":\"https:\/\/artal-group.com\/artal\/#website\",\"url\":\"https:\/\/artal-group.com\/artal\/\",\"name\":\"Artal technologies\",\"description\":\"There&#039;s a connection\",\"potentialAction\":[{\"@type\":\"SearchAction\",\"target\":{\"@type\":\"EntryPoint\",\"urlTemplate\":\"https:\/\/artal-group.com\/artal\/?s={search_term_string}\"},\"query-input\":{\"@type\":\"PropertyValueSpecification\",\"valueRequired\":true,\"valueName\":\"search_term_string\"}}],\"inLanguage\":\"fr-FR\"}]}<\/script>\n<!-- \/ Yoast SEO plugin. -->","yoast_head_json":{"title":"demeter - Artal technologies","robots":{"index":"index","follow":"follow","max-snippet":"max-snippet:-1","max-image-preview":"max-image-preview:large","max-video-preview":"max-video-preview:-1"},"canonical":"https:\/\/artal-group.com\/artal\/nos-projets\/demeter\/","og_locale":"fr_FR","og_type":"article","og_title":"demeter - Artal technologies","og_description":"[siteorigin_widget class=\u00a0\u00bbSiteOrigin_Widget_LayoutSlider_Widget\u00a0\u00bb][\/siteorigin_widget] [siteorigin_widget class=\u00a0\u00bbSiteOrigin_Widget_Headline_Widget\u00a0\u00bb][\/siteorigin_widget] ARTAL Technologies a d\u00e9velopp\u00e9 la solution DeMeTer (D\u00e9marche Mobile Terre et R\u00e9seaux) qui permet : &#8211; de mettre [&hellip;]","og_url":"https:\/\/artal-group.com\/artal\/nos-projets\/demeter\/","og_site_name":"Artal technologies","article_modified_time":"2019-04-17T12:36:28+00:00","twitter_card":"summary_large_image","twitter_misc":{"Dur\u00e9e de lecture estim\u00e9e":"1 minute"},"schema":{"@context":"https:\/\/schema.org","@graph":[{"@type":"WebPage","@id":"https:\/\/artal-group.com\/artal\/nos-projets\/demeter\/","url":"https:\/\/artal-group.com\/artal\/nos-projets\/demeter\/","name":"demeter - Artal technologies","isPartOf":{"@id":"https:\/\/artal-group.com\/artal\/#website"},"datePublished":"2017-01-27T15:21:37+00:00","dateModified":"2019-04-17T12:36:28+00:00","breadcrumb":{"@id":"https:\/\/artal-group.com\/artal\/nos-projets\/demeter\/#breadcrumb"},"inLanguage":"fr-FR","potentialAction":[{"@type":"ReadAction","target":["https:\/\/artal-group.com\/artal\/nos-projets\/demeter\/"]}]},{"@type":"BreadcrumbList","@id":"https:\/\/artal-group.com\/artal\/nos-projets\/demeter\/#breadcrumb","itemListElement":[{"@type":"ListItem","position":1,"name":"Accueil","item":"https:\/\/artal-group.com\/artal\/"},{"@type":"ListItem","position":2,"name":"demeter"}]},{"@type":"WebSite","@id":"https:\/\/artal-group.com\/artal\/#website","url":"https:\/\/artal-group.com\/artal\/","name":"Artal technologies","description":"There&#039;s a connection","potentialAction":[{"@type":"SearchAction","target":{"@type":"EntryPoint","urlTemplate":"https:\/\/artal-group.com\/artal\/?s={search_term_string}"},"query-input":{"@type":"PropertyValueSpecification","valueRequired":true,"valueName":"search_term_string"}}],"inLanguage":"fr-FR"}]}},"_links":{"self":[{"href":"https:\/\/artal-group.com\/artal\/wp-json\/wp\/v2\/pages\/911","targetHints":{"allow":["GET"]}}],"collection":[{"href":"https:\/\/artal-group.com\/artal\/wp-json\/wp\/v2\/pages"}],"about":[{"href":"https:\/\/artal-group.com\/artal\/wp-json\/wp\/v2\/types\/page"}],"author":[{"embeddable":true,"href":"https:\/\/artal-group.com\/artal\/wp-json\/wp\/v2\/users\/6"}],"replies":[{"embeddable":true,"href":"https:\/\/artal-group.com\/artal\/wp-json\/wp\/v2\/comments?post=911"}],"version-history":[{"count":4,"href":"https:\/\/artal-group.com\/artal\/wp-json\/wp\/v2\/pages\/911\/revisions"}],"predecessor-version":[{"id":1043,"href":"https:\/\/artal-group.com\/artal\/wp-json\/wp\/v2\/pages\/911\/revisions\/1043"}],"up":[{"embeddable":true,"href":"https:\/\/artal-group.com\/artal\/wp-json\/wp\/v2\/pages\/717"}],"wp:attachment":[{"href":"https:\/\/artal-group.com\/artal\/wp-json\/wp\/v2\/media?parent=911"}],"curies":[{"name":"wp","href":"https:\/\/api.w.org\/{rel}","templated":true}]}}